{"id":3,"date":"2026-02-15T21:23:19","date_gmt":"2026-02-15T21:23:19","guid":{"rendered":"https:\/\/milzzsnack.com\/?page_id=3"},"modified":"2026-02-23T15:29:57","modified_gmt":"2026-02-23T15:29:57","slug":"privacy-policy","status":"publish","type":"page","link":"https:\/\/milzzsnack.com\/hu\/privacy-policy\/","title":{"rendered":"Adatv\u00e9delmi szab\u00e1lyzat"},"content":{"rendered":"<div data-elementor-type=\"wp-page\" data-elementor-id=\"3\" class=\"elementor elementor-3\">\n\t\t\t\t<div class=\"elementor-element elementor-element-6f00b114 e-flex e-con-boxed e-con e-parent\" data-id=\"6f00b114\" data-element_type=\"container\" data-e-type=\"container\">\n\t\t\t\t\t<div class=\"e-con-inner\">\n\t\t\t\t<div class=\"elementor-element elementor-element-559170c2 elementor-widget elementor-widget-text-editor\" data-id=\"559170c2\" data-element_type=\"widget\" data-e-type=\"widget\" data-widget_type=\"text-editor.default\">\n\t\t\t\t<div class=\"elementor-widget-container\">\n\t\t\t\t\t\t\t\t\t<h3 data-start=\"860\" data-end=\"878\">Adatv\u00e9delmi szab\u00e1lyzat<\/h3><p data-start=\"880\" data-end=\"1017\"><b>milzz<\/b> elk\u00f6telezett a szem\u00e9lyes adatok v\u00e9delme mellett az Eur\u00f3pai Parlament \u00e9s a Tan\u00e1cs (EU) 2016\/679 rendelete (\u00c1ltal\u00e1nos Adatv\u00e9delmi Rendelet \u2013 GDPR) el\u0151\u00edr\u00e1sainak megfelel\u0151en.<\/p><h4 data-start=\"1019\" data-end=\"1042\">1. A gy\u0171jt\u00f6tt adatok k\u00f6re<\/h4><p data-start=\"1043\" data-end=\"1219\">Az al\u00e1bbi szem\u00e9lyes adatokat gy\u0171jthetj\u00fck, amikor kapcsolatba l\u00e9p vel\u00fcnk vagy haszn\u00e1lja weboldalunkat: n\u00e9v, e-mail c\u00edm, c\u00e9gn\u00e9v (viszontelad\u00f3i \u00e9rdekl\u0151d\u00e9s eset\u00e9n), IP-c\u00edm, weboldal-haszn\u00e1lati adatok<\/p><h4 data-start=\"1221\" data-end=\"1250\">2. Az adatkezel\u00e9s c\u00e9lja<\/h4><p data-start=\"1251\" data-end=\"1272\">Az adatokat az al\u00e1bbi c\u00e9lokra haszn\u00e1ljuk fel:<\/p><ul data-start=\"1273\" data-end=\"1397\"><li data-start=\"1273\" data-end=\"1297\"><p data-start=\"1275\" data-end=\"1297\">megkeres\u00e9sek megv\u00e1laszol\u00e1sa<\/p><\/li><li data-start=\"1298\" data-end=\"1337\"><p data-start=\"1300\" data-end=\"1337\">viszontelad\u00f3i egy\u00fcttm\u0171k\u00f6d\u00e9si k\u00e9relmek kezel\u00e9se<\/p><\/li><li data-start=\"1338\" data-end=\"1369\"><p data-start=\"1340\" data-end=\"1369\">a weboldal m\u0171k\u00f6d\u00e9s\u00e9nek \u00e9s teljes\u00edtm\u00e9ny\u00e9nek jav\u00edt\u00e1sa<\/p><\/li><li data-start=\"1370\" data-end=\"1397\"><p data-start=\"1372\" data-end=\"1397\">a weboldal biztons\u00e1g\u00e1nak biztos\u00edt\u00e1sa<\/p><\/li><\/ul><h4 data-start=\"1399\" data-end=\"1418\">3. Az adatkezel\u00e9s jogalapja<\/h4><p data-start=\"1419\" data-end=\"1529\">A szem\u00e9lyes adatok kezel\u00e9se az al\u00e1bbi jogalapok valamelyike alapj\u00e1n t\u00f6rt\u00e9nik: az \u00e9rintett hozz\u00e1j\u00e1rul\u00e1sa, jogos \u00fczleti \u00e9rdek, jogszab\u00e1lyi k\u00f6telezetts\u00e9g teljes\u00edt\u00e9se a GDPR rendelkez\u00e9sei szerint.<\/p><h4 data-start=\"1531\" data-end=\"1546\">4. S\u00fctik (Cookies)<\/h4><p data-start=\"1547\" data-end=\"1764\">Weboldalunk s\u00fctiket haszn\u00e1l a felhaszn\u00e1l\u00f3i \u00e9lm\u00e9ny jav\u00edt\u00e1sa \u00e9s a weboldal forgalm\u00e1nak elemz\u00e9se \u00e9rdek\u00e9ben. A nem felt\u00e9tlen\u00fcl sz\u00fcks\u00e9ges s\u00fctik kiz\u00e1r\u00f3lag az \u00d6n hozz\u00e1j\u00e1rul\u00e1s\u00e1val aktiv\u00e1l\u00f3dnak. Hozz\u00e1j\u00e1rul\u00e1s\u00e1t b\u00e1rmikor m\u00f3dos\u00edthatja vagy visszavonhatja a s\u00fcti-be\u00e1ll\u00edt\u00e1sok men\u00fcpontban.<\/p><h4 data-start=\"1766\" data-end=\"1786\">5. Adattov\u00e1bb\u00edt\u00e1s<\/h4><p data-start=\"1787\" data-end=\"1929\">Szem\u00e9lyes adatokat nem \u00e9rt\u00e9kes\u00edt\u00fcnk. Az adatok kiz\u00e1r\u00f3lag megb\u00edzhat\u00f3 szolg\u00e1ltat\u00f3 partnereink r\u00e9sz\u00e9re ker\u00fclhetnek tov\u00e1bb\u00edt\u00e1sra (p\u00e9ld\u00e1ul t\u00e1rhelyszolg\u00e1ltat\u00f3, analitikai szolg\u00e1ltat\u00f3, spam-sz\u0171r\u0151 szolg\u00e1ltat\u00e1s), a GDPR el\u0151\u00edr\u00e1sainak megfelel\u0151en.<\/p><h4 data-start=\"1931\" data-end=\"1953\">6. Adatmeg\u0151rz\u00e9s<\/h4><p data-start=\"1954\" data-end=\"2076\">A szem\u00e9lyes adatokat kiz\u00e1r\u00f3lag a kommunik\u00e1ci\u00f3hoz, jogszab\u00e1lyi megfelel\u00e9shez \u00e9s jogos \u00fczleti c\u00e9lokhoz sz\u00fcks\u00e9ges ideig \u0151rizz\u00fck meg.<\/p><h4 data-start=\"2078\" data-end=\"2097\">7. Az \u00e9rintettek jogai<\/h4><p data-start=\"2098\" data-end=\"2132\">A GDPR rendelkez\u00e9sei alapj\u00e1n \u00d6nt az al\u00e1bbi jogok illetik meg:<\/p><ul data-start=\"2133\" data-end=\"2279\"><li data-start=\"2133\" data-end=\"2153\"><p data-start=\"2135\" data-end=\"2153\">hozz\u00e1f\u00e9r\u00e9s a szem\u00e9lyes adataihoz<\/p><\/li><li data-start=\"2154\" data-end=\"2188\"><p data-start=\"2156\" data-end=\"2188\">helyesb\u00edt\u00e9s vagy t\u00f6rl\u00e9s k\u00e9relmez\u00e9se<\/p><\/li><li data-start=\"2189\" data-end=\"2225\"><p data-start=\"2191\" data-end=\"2225\">az adatkezel\u00e9s korl\u00e1toz\u00e1sa vagy az ellene val\u00f3 tiltakoz\u00e1s<\/p><\/li><li data-start=\"2226\" data-end=\"2246\"><p data-start=\"2228\" data-end=\"2246\">adathordozhat\u00f3s\u00e1ghoz val\u00f3 jog<\/p><\/li><li data-start=\"2247\" data-end=\"2279\"><p data-start=\"2249\" data-end=\"2279\">a hozz\u00e1j\u00e1rul\u00e1s b\u00e1rmikori visszavon\u00e1sa<\/p><\/li><\/ul><p data-start=\"2281\" data-end=\"2329\">Jogai gyakorl\u00e1s\u00e1hoz k\u00e9rj\u00fck, vegye fel vel\u00fcnk a kapcsolatot az al\u00e1bbi e-mail c\u00edmen: nordalun@nordalun.com<\/p><p><!-- \/wp:paragraph --><\/p>\t\t\t\t\t\t\t\t<\/div>\n\t\t\t\t<\/div>\n\t\t\t\t\t<\/div>\n\t\t\t\t<\/div>\n\t\t\t\t<\/div>","protected":false},"excerpt":{"rendered":"<p>Privacy Policy milzz is committed to protecting your personal data in accordance with the General Data Protection Regulation (EU) 2016\/679 (GDPR). 1. Data We Collect We may collect personal data such as your name, email address, company name (for retail inquiries), IP address, and usage data when you contact us or interact with our website. [&hellip;]<\/p>\n","protected":false},"author":1,"featured_media":0,"parent":0,"menu_order":0,"comment_status":"closed","ping_status":"open","template":"elementor_header_footer","meta":{"site-sidebar-layout":"default","site-content-layout":"","ast-site-content-layout":"default","site-content-style":"default","site-sidebar-style":"default","ast-global-header-display":"","ast-banner-title-visibility":"","ast-main-header-display":"","ast-hfb-above-header-display":"","ast-hfb-below-header-display":"","ast-hfb-mobile-header-display":"","site-post-title":"","ast-breadcrumbs-content":"","ast-featured-img":"","footer-sml-layout":"","ast-disable-related-posts":"","theme-transparent-header-meta":"","adv-header-id-meta":"","stick-header-meta":"","header-above-stick-meta":"","header-main-stick-meta":"","header-below-stick-meta":"","astra-migrate-meta-layouts":"set","ast-page-background-enabled":"default","ast-page-background-meta":{"desktop":{"background-color":"","background-image":"","background-repeat":"repeat","background-position":"center center","background-size":"auto","background-attachment":"scroll","background-type":"","background-media":"","overlay-type":"","overlay-color":"","overlay-opacity":"","overlay-gradient":""},"tablet":{"background-color":"","background-image":"","background-repeat":"repeat","background-position":"center center","background-size":"auto","background-attachment":"scroll","background-type":"","background-media":"","overlay-type":"","overlay-color":"","overlay-opacity":"","overlay-gradient":""},"mobile":{"background-color":"","background-image":"","background-repeat":"repeat","background-position":"center center","background-size":"auto","background-attachment":"scroll","background-type":"","background-media":"","overlay-type":"","overlay-color":"","overlay-opacity":"","overlay-gradient":""}},"ast-content-background-meta":{"desktop":{"background-color":"var(--ast-global-color-5)","background-image":"","background-repeat":"repeat","background-position":"center center","background-size":"auto","background-attachment":"scroll","background-type":"","background-media":"","overlay-type":"","overlay-color":"","overlay-opacity":"","overlay-gradient":""},"tablet":{"background-color":"var(--ast-global-color-5)","background-image":"","background-repeat":"repeat","background-position":"center center","background-size":"auto","background-attachment":"scroll","background-type":"","background-media":"","overlay-type":"","overlay-color":"","overlay-opacity":"","overlay-gradient":""},"mobile":{"background-color":"var(--ast-global-color-5)","background-image":"","background-repeat":"repeat","background-position":"center center","background-size":"auto","background-attachment":"scroll","background-type":"","background-media":"","overlay-type":"","overlay-color":"","overlay-opacity":"","overlay-gradient":""}},"footnotes":""},"class_list":["post-3","page","type-page","status-publish","hentry"],"_links":{"self":[{"href":"https:\/\/milzzsnack.com\/hu\/wp-json\/wp\/v2\/pages\/3","targetHints":{"allow":["GET"]}}],"collection":[{"href":"https:\/\/milzzsnack.com\/hu\/wp-json\/wp\/v2\/pages"}],"about":[{"href":"https:\/\/milzzsnack.com\/hu\/wp-json\/wp\/v2\/types\/page"}],"author":[{"embeddable":true,"href":"https:\/\/milzzsnack.com\/hu\/wp-json\/wp\/v2\/users\/1"}],"replies":[{"embeddable":true,"href":"https:\/\/milzzsnack.com\/hu\/wp-json\/wp\/v2\/comments?post=3"}],"version-history":[{"count":10,"href":"https:\/\/milzzsnack.com\/hu\/wp-json\/wp\/v2\/pages\/3\/revisions"}],"predecessor-version":[{"id":8740,"href":"https:\/\/milzzsnack.com\/hu\/wp-json\/wp\/v2\/pages\/3\/revisions\/8740"}],"wp:attachment":[{"href":"https:\/\/milzzsnack.com\/hu\/wp-json\/wp\/v2\/media?parent=3"}],"curies":[{"name":"wp","href":"https:\/\/api.w.org\/{rel}","templated":true}]}}