{"id":8541,"date":"2026-02-20T17:40:23","date_gmt":"2026-02-20T17:40:23","guid":{"rendered":"https:\/\/milzzsnack.com\/?page_id=8541"},"modified":"2026-02-25T07:05:03","modified_gmt":"2026-02-25T07:05:03","slug":"baked-hawthorn-2","status":"publish","type":"page","link":"https:\/\/milzzsnack.com\/hu\/baked-hawthorn-2\/","title":{"rendered":"S\u00fclt galagonya"},"content":{"rendered":"<div data-elementor-type=\"wp-page\" data-elementor-id=\"8541\" class=\"elementor elementor-8541\">\n\t\t\t\t<div class=\"elementor-element elementor-element-710b9dc e-flex e-con-boxed e-con e-parent\" data-id=\"710b9dc\" data-element_type=\"container\" data-e-type=\"container\" data-settings=\"{&quot;background_background&quot;:&quot;classic&quot;}\">\n\t\t\t\t\t<div class=\"e-con-inner\">\n\t\t<div class=\"elementor-element elementor-element-7a28b7d e-con-full e-flex e-con e-child\" data-id=\"7a28b7d\" data-element_type=\"container\" data-e-type=\"container\">\n\t\t\t\t<div class=\"elementor-element elementor-element-f5b1663 animated-slow elementor-widget elementor-widget-image\" data-id=\"f5b1663\" data-element_type=\"widget\" data-e-type=\"widget\" data-settings=\"{&quot;_animation&quot;:&quot;none&quot;}\" data-widget_type=\"image.default\">\n\t\t\t\t<div class=\"elementor-widget-container\">\n\t\t\t\t\t\t\t\t\t\t\t\t\t\t\t<img fetchpriority=\"high\" decoding=\"async\" width=\"824\" height=\"1024\" src=\"https:\/\/milzzsnack.com\/wp-content\/uploads\/2026\/02\/ChatGPT-Image-2026.-febr.-19.-10_32_23-2-e1771883124711.png\" class=\"attachment-large size-large wp-image-8843\" alt=\"chatgpt image 2026. febr. 19. 10 32 23\" srcset=\"https:\/\/milzzsnack.com\/wp-content\/uploads\/2026\/02\/ChatGPT-Image-2026.-febr.-19.-10_32_23-2-e1771883124711.png 824w, https:\/\/milzzsnack.com\/wp-content\/uploads\/2026\/02\/ChatGPT-Image-2026.-febr.-19.-10_32_23-2-e1771883124711-241x300.png 241w, https:\/\/milzzsnack.com\/wp-content\/uploads\/2026\/02\/ChatGPT-Image-2026.-febr.-19.-10_32_23-2-e1771883124711-768x954.png 768w, https:\/\/milzzsnack.com\/wp-content\/uploads\/2026\/02\/ChatGPT-Image-2026.-febr.-19.-10_32_23-2-e1771883124711-600x746.png 600w\" sizes=\"(max-width: 824px) 100vw, 824px\" title=\"S\u00fclt galagonya\">\t\t\t\t\t\t\t\t\t\t\t\t\t\t\t<\/div>\n\t\t\t\t<\/div>\n\t\t\t\t<\/div>\n\t\t<div class=\"elementor-element elementor-element-d1d7b1c e-con-full e-flex e-con e-child\" data-id=\"d1d7b1c\" data-element_type=\"container\" data-e-type=\"container\">\n\t\t<div class=\"elementor-element elementor-element-635f97a e-con-full e-flex e-con e-child\" data-id=\"635f97a\" data-element_type=\"container\" data-e-type=\"container\">\n\t\t\t\t<div class=\"elementor-element elementor-element-9e36937 elementor-widget elementor-widget-heading\" data-id=\"9e36937\" data-element_type=\"widget\" data-e-type=\"widget\" data-widget_type=\"heading.default\">\n\t\t\t\t<div class=\"elementor-widget-container\">\n\t\t\t\t\t<h1 class=\"elementor-heading-title elementor-size-default\">S\u00fclt galagonya<\/h1>\t\t\t\t<\/div>\n\t\t\t\t<\/div>\n\t\t\t\t<div class=\"elementor-element elementor-element-a8e3cb1 elementor-widget elementor-widget-heading\" data-id=\"a8e3cb1\" data-element_type=\"widget\" data-e-type=\"widget\" data-widget_type=\"heading.default\">\n\t\t\t\t<div class=\"elementor-widget-container\">\n\t\t\t\t\t<h2 class=\"elementor-heading-title elementor-size-default\">Term\u00e9szetesen magas rosttartalm\u00fa<\/h2>\t\t\t\t<\/div>\n\t\t\t\t<\/div>\n\t\t\t\t<\/div>\n\t\t<div class=\"elementor-element elementor-element-f396ee4 e-con-full e-flex e-con e-child\" data-id=\"f396ee4\" data-element_type=\"container\" data-e-type=\"container\">\n\t\t\t\t<div class=\"elementor-element elementor-element-3502860 elementor-widget elementor-widget-text-editor\" data-id=\"3502860\" data-element_type=\"widget\" data-e-type=\"widget\" data-widget_type=\"text-editor.default\">\n\t\t\t\t<div class=\"elementor-widget-container\">\n\t\t\t\t\t\t\t\t\t<p>Egyszer\u0171en s\u00fct\u00f6tt galagonya, amely meg\u0151rzi a gy\u00fcm\u00f6lcs eredeti karakter\u00e9t \u00e9s term\u00e9szetesen kerek \u00edzvil\u00e1g\u00e1t.<\/p>\t\t\t\t\t\t\t\t<\/div>\n\t\t\t\t<\/div>\n\t\t\t\t<div class=\"elementor-element elementor-element-0b97855 elementor-widget elementor-widget-heading\" data-id=\"0b97855\" data-element_type=\"widget\" data-e-type=\"widget\" data-widget_type=\"heading.default\">\n\t\t\t\t<div class=\"elementor-widget-container\">\n\t\t\t\t\t<h2 class=\"elementor-heading-title elementor-size-default\">Net weight: 88g<\/h2>\t\t\t\t<\/div>\n\t\t\t\t<\/div>\n\t\t\t\t<\/div>\n\t\t<div class=\"elementor-element elementor-element-6522d54 e-con-full e-flex e-con e-child\" data-id=\"6522d54\" data-element_type=\"container\" data-e-type=\"container\">\n\t\t\t\t<div class=\"elementor-element elementor-element-5c5fa56 elementor-widget elementor-widget-text-editor\" data-id=\"5c5fa56\" data-element_type=\"widget\" data-e-type=\"widget\" data-widget_type=\"text-editor.default\">\n\t\t\t\t<div class=\"elementor-widget-container\">\n\t\t\t\t\t\t\t\t\t<p data-start=\"2284\" data-end=\"2559\"><strong data-start=\"2284\" data-end=\"2307\">Term\u00e9kle\u00edr\u00e1s<\/strong><br data-start=\"2307\" data-end=\"2310\" \/>Lassan s\u00fct\u00f6tt galagonya, amely speci\u00e1lis elj\u00e1r\u00e1ssal k\u00e9sz\u00fcl annak \u00e9rdek\u00e9ben, hogy a gy\u00fcm\u00f6lcs term\u00e9szetes karaktere m\u00e9g intenz\u00edvebben \u00e9rv\u00e9nyes\u00fclj\u00f6n.\nA k\u00edm\u00e9letes s\u00fct\u00e9si folyamat koncentr\u00e1ltabb text\u00far\u00e1t \u00e9s m\u00e9lyebb \u00edzprofilt eredm\u00e9nyez, \u00edgy a galagonya autentikus tulajdons\u00e1gai tiszt\u00e1n \u00e9s f\u00f3kusz\u00e1ltan jelennek meg.\u00a0<span style=\"font-style: inherit; font-weight: inherit;\">Minim\u00e1lis \u00f6sszetev\u0151lista, mesters\u00e9ges sz\u00ednez\u00e9kek, arom\u00e1k \u00e9s tart\u00f3s\u00edt\u00f3szerek n\u00e9lk\u00fcl. Az \u00e1tgondolt elk\u00e9sz\u00edt\u00e9s rugalmas, enyh\u00e9n r\u00e1g\u00f3s \u00e1llagot \u00e9s a gy\u00fcm\u00f6lcs term\u00e9szetes \u00edzprofilj\u00e1t tiszteletben tart\u00f3 v\u00e9geredm\u00e9nyt biztos\u00edt.<\/span><\/p>\t\t\t\t\t\t\t\t<\/div>\n\t\t\t\t<\/div>\n\t\t\t\t<\/div>\n\t\t<div class=\"elementor-element elementor-element-5ea0ee1 e-con-full e-flex e-con e-child\" data-id=\"5ea0ee1\" data-element_type=\"container\" data-e-type=\"container\">\n\t\t\t\t<div class=\"elementor-element elementor-element-6bc396c elementor-widget elementor-widget-text-editor\" data-id=\"6bc396c\" data-element_type=\"widget\" data-e-type=\"widget\" data-widget_type=\"text-editor.default\">\n\t\t\t\t<div class=\"elementor-widget-container\">\n\t\t\t\t\t\t\t\t\t<p data-start=\"2791\" data-end=\"3021\"><strong data-start=\"2791\" data-end=\"2807\">F\u0151bb jellemz\u0151k<\/strong><br data-start=\"2807\" data-end=\"2810\">\u2022 Hagyom\u00e1nyos elj\u00e1r\u00e1ssal s\u00fct\u00f6tt galagonya<br data-start=\"2840\" data-end=\"2843\">\u2022 <span data-start=\"2845\" data-end=\"2862\">Magas rosttartalm\u00fa (9,4 g rost \/ 100 g)<\/span><br data-start=\"2896\" data-end=\"2899\">\u2022 Minim\u00e1lis \u00f6sszetev\u0151lista<br data-start=\"2924\" data-end=\"2927\">\u2022 Mesters\u00e9ges sz\u00ednez\u00e9k \u00e9s tart\u00f3s\u00edt\u00f3szer n\u00e9lk\u00fcl<br data-start=\"2967\" data-end=\"2970\">\u2022 R\u00e1g\u00f3s text\u00fara, koncentr\u00e1lt gy\u00fcm\u00f6lcs\u00f6s karakter<\/p>\t\t\t\t\t\t\t\t<\/div>\n\t\t\t\t<\/div>\n\t\t\t\t<\/div>\n\t\t\t\t<\/div>\n\t\t\t\t\t<\/div>\n\t\t\t\t<\/div>\n\t\t<div class=\"elementor-element elementor-element-1442f37 e-flex e-con-boxed e-con e-parent\" data-id=\"1442f37\" data-element_type=\"container\" data-e-type=\"container\" data-settings=\"{&quot;background_background&quot;:&quot;classic&quot;}\">\n\t\t\t\t\t<div class=\"e-con-inner\">\n\t\t<div class=\"elementor-element elementor-element-55e7416 e-con-full e-flex e-con e-child\" data-id=\"55e7416\" data-element_type=\"container\" data-e-type=\"container\" data-settings=\"{&quot;background_background&quot;:&quot;classic&quot;}\">\n\t\t<div class=\"elementor-element elementor-element-f1ba432 e-con-full e-flex e-con e-child\" data-id=\"f1ba432\" data-element_type=\"container\" data-e-type=\"container\">\n\t\t\t\t<div class=\"elementor-element elementor-element-eaa3f79 elementor-widget elementor-widget-heading\" data-id=\"eaa3f79\" data-element_type=\"widget\" data-e-type=\"widget\" data-widget_type=\"heading.default\">\n\t\t\t\t<div class=\"elementor-widget-container\">\n\t\t\t\t\t<h2 class=\"elementor-heading-title elementor-size-default\">\u00d6sszetev\u0151k<\/h2>\t\t\t\t<\/div>\n\t\t\t\t<\/div>\n\t\t<div class=\"elementor-element elementor-element-c7ff4cd e-con-full e-flex e-con e-child\" data-id=\"c7ff4cd\" data-element_type=\"container\" data-e-type=\"container\">\n\t\t\t\t<div class=\"elementor-element elementor-element-8c134ba elementor-widget elementor-widget-text-editor\" data-id=\"8c134ba\" data-element_type=\"widget\" data-e-type=\"widget\" data-widget_type=\"text-editor.default\">\n\t\t\t\t<div class=\"elementor-widget-container\">\n\t\t\t\t\t\t\t\t\t<p><span class=\"a_GcMg font-feature-liga-off font-feature-clig-off font-feature-calt-off text-decoration-none text-strikethrough-none\">Galagonya (67%), kandiscukor, v\u00edz<\/span><\/p>\t\t\t\t\t\t\t\t<\/div>\n\t\t\t\t<\/div>\n\t\t\t\t<\/div>\n\t\t<div class=\"elementor-element elementor-element-0cc7a16 e-con-full e-flex e-con e-child\" data-id=\"0cc7a16\" data-element_type=\"container\" data-e-type=\"container\">\n\t\t\t\t<div class=\"elementor-element elementor-element-7acb8bc elementor-widget elementor-widget-text-editor\" data-id=\"7acb8bc\" data-element_type=\"widget\" data-e-type=\"widget\" data-widget_type=\"text-editor.default\">\n\t\t\t\t<div class=\"elementor-widget-container\">\n\t\t\t\t\t\t\t\t\t<p><span class=\"a_GcMg font-feature-liga-off font-feature-clig-off font-feature-calt-off text-decoration-none text-strikethrough-none\">Felhaszn\u00e1l\u00e1si javaslat: Fogyaszt\u00e1sra k\u00e9sz a csomag felbont\u00e1sa ut\u00e1n. Figyelmeztet\u00e9s: Ne nyelje le egyben. Gyermekek \u00e9s id\u0151sek feln\u0151tt fel\u00fcgyelete mellett fogyassz\u00e1k. Felbont\u00e1s ut\u00e1n miel\u0151bb fogyasztand\u00f3. A term\u00e9szetes barnul\u00e1s id\u0151vel el\u0151fordulhat, ez a term\u00e9k min\u0151s\u00e9g\u00e9t nem befoly\u00e1solja. K\u00e9zzel magozott term\u00e9k; a gy\u00fcm\u00f6lcs\u00f6k form\u00e1ja elt\u00e9r\u0151 lehet, \u00e9s esetenk\u00e9nt magt\u00f6red\u00e9k el\u0151fordulhat. A term\u00e9kk\u00e9pek illusztr\u00e1ci\u00f3k.<\/span><\/p>\t\t\t\t\t\t\t\t<\/div>\n\t\t\t\t<\/div>\n\t\t\t\t<\/div>\n\t\t\t\t<\/div>\n\t\t<div class=\"elementor-element elementor-element-e16d82f e-con-full e-flex e-con e-child\" data-id=\"e16d82f\" data-element_type=\"container\" data-e-type=\"container\">\n\t\t\t\t<div class=\"elementor-element elementor-element-581fba2 elementor-widget elementor-widget-heading\" data-id=\"581fba2\" data-element_type=\"widget\" data-e-type=\"widget\" data-widget_type=\"heading.default\">\n\t\t\t\t<div class=\"elementor-widget-container\">\n\t\t\t\t\t<h2 class=\"elementor-heading-title elementor-size-default\">T\u00e1p\u00e9rt\u00e9k:<\/h2>\t\t\t\t<\/div>\n\t\t\t\t<\/div>\n\t\t\t\t<div class=\"elementor-element elementor-element-d86bdab elementor-widget elementor-widget-text-editor\" data-id=\"d86bdab\" data-element_type=\"widget\" data-e-type=\"widget\" data-widget_type=\"text-editor.default\">\n\t\t\t\t<div class=\"elementor-widget-container\">\n\t\t\t\t\t\t\t\t\t<p>100g<\/p>\t\t\t\t\t\t\t\t<\/div>\n\t\t\t\t<\/div>\n\t\t\t\t<div class=\"elementor-element elementor-element-762a85f elementor-widget__width-initial elementor-widget elementor-widget-text-editor\" data-id=\"762a85f\" data-element_type=\"widget\" data-e-type=\"widget\" data-widget_type=\"text-editor.default\">\n\t\t\t\t<div class=\"elementor-widget-container\">\n\t\t\t\t\t\t\t\t\t<table><thead><tr><th>T\u00e1panyag\u00e9rt\u00e9kek<\/th><th>100g<\/th><\/tr><\/thead><tbody><tr><td>Energia<\/td><td>1113 kJ \/ 266 kcal<\/td><\/tr><tr><td>Zs\u00edr<\/td><td>0.9 g<\/td><\/tr><tr><td>\u2013 ebb\u0151l tel\u00edtett<\/td><td>&lt;0.1 g<\/td><\/tr><tr><td>Sz\u00e9nhidr\u00e1t<\/td><td>65.6 g<\/td><\/tr><tr><td>\u2013 ebb\u0151l cukor<\/td><td>54.5 g<\/td><\/tr><tr><td>Rost<\/td><td>9.4 g<\/td><\/tr><tr><td>Feh\u00e9rje<\/td><td>3.1 g<\/td><\/tr><tr><td>S\u00f3<\/td><td>&lt;0.01 g<\/td><\/tr><\/tbody><\/table>\t\t\t\t\t\t\t\t<\/div>\n\t\t\t\t<\/div>\n\t\t\t\t<\/div>\n\t\t\t\t<\/div>\n\t\t\t\t\t<\/div>\n\t\t\t\t<\/div>\n\t\t\t\t<\/div>","protected":false},"excerpt":{"rendered":"<p>Baked Hawthorn Naturally high in fibre Simply baked hawthorn, showcasing the fruit\u2019s authentic character and naturally rounded flavour. Net weight: 88g Product DescriptionSlow-baked hawthorn prepared using a technique that deepens the fruit\u2019s natural character. The gentle baking process creates a more concentrated texture and flavour, allowing the authentic qualities of hawthorn to shine with focused [&hellip;]<\/p>\n","protected":false},"author":1,"featured_media":0,"parent":0,"menu_order":0,"comment_status":"closed","ping_status":"closed","template":"elementor_header_footer","meta":{"site-sidebar-layout":"no-sidebar","site-content-layout":"page-builder","ast-site-content-layout":"full-width-container","site-content-style":"default","site-sidebar-style":"default","ast-global-header-display":"","ast-banner-title-visibility":"","ast-main-header-display":"","ast-hfb-above-header-display":"","ast-hfb-below-header-display":"","ast-hfb-mobile-header-display":"","site-post-title":"","ast-breadcrumbs-content":"","ast-featured-img":"disabled","footer-sml-layout":"","ast-disable-related-posts":"","theme-transparent-header-meta":"","adv-header-id-meta":"","stick-header-meta":"","header-above-stick-meta":"","header-main-stick-meta":"","header-below-stick-meta":"","astra-migrate-meta-layouts":"set","ast-page-background-enabled":"default","ast-page-background-meta":{"desktop":{"background-color":"","background-image":"","background-repeat":"repeat","background-position":"center center","background-size":"auto","background-attachment":"scroll","background-type":"","background-media":"","overlay-type":"","overlay-color":"","overlay-opacity":"","overlay-gradient":""},"tablet":{"background-color":"","background-image":"","background-repeat":"repeat","background-position":"center center","background-size":"auto","background-attachment":"scroll","background-type":"","background-media":"","overlay-type":"","overlay-color":"","overlay-opacity":"","overlay-gradient":""},"mobile":{"background-color":"","background-image":"","background-repeat":"repeat","background-position":"center center","background-size":"auto","background-attachment":"scroll","background-type":"","background-media":"","overlay-type":"","overlay-color":"","overlay-opacity":"","overlay-gradient":""}},"ast-content-background-meta":{"desktop":{"background-color":"var(--ast-global-color-5)","background-image":"","background-repeat":"repeat","background-position":"center center","background-size":"auto","background-attachment":"scroll","background-type":"","background-media":"","overlay-type":"","overlay-color":"","overlay-opacity":"","overlay-gradient":""},"tablet":{"background-color":"var(--ast-global-color-5)","background-image":"","background-repeat":"repeat","background-position":"center center","background-size":"auto","background-attachment":"scroll","background-type":"","background-media":"","overlay-type":"","overlay-color":"","overlay-opacity":"","overlay-gradient":""},"mobile":{"background-color":"var(--ast-global-color-5)","background-image":"","background-repeat":"repeat","background-position":"center center","background-size":"auto","background-attachment":"scroll","background-type":"","background-media":"","overlay-type":"","overlay-color":"","overlay-opacity":"","overlay-gradient":""}},"footnotes":""},"class_list":["post-8541","page","type-page","status-publish","hentry"],"_links":{"self":[{"href":"https:\/\/milzzsnack.com\/hu\/wp-json\/wp\/v2\/pages\/8541","targetHints":{"allow":["GET"]}}],"collection":[{"href":"https:\/\/milzzsnack.com\/hu\/wp-json\/wp\/v2\/pages"}],"about":[{"href":"https:\/\/milzzsnack.com\/hu\/wp-json\/wp\/v2\/types\/page"}],"author":[{"embeddable":true,"href":"https:\/\/milzzsnack.com\/hu\/wp-json\/wp\/v2\/users\/1"}],"replies":[{"embeddable":true,"href":"https:\/\/milzzsnack.com\/hu\/wp-json\/wp\/v2\/comments?post=8541"}],"version-history":[{"count":25,"href":"https:\/\/milzzsnack.com\/hu\/wp-json\/wp\/v2\/pages\/8541\/revisions"}],"predecessor-version":[{"id":8935,"href":"https:\/\/milzzsnack.com\/hu\/wp-json\/wp\/v2\/pages\/8541\/revisions\/8935"}],"wp:attachment":[{"href":"https:\/\/milzzsnack.com\/hu\/wp-json\/wp\/v2\/media?parent=8541"}],"curies":[{"name":"wp","href":"https:\/\/api.w.org\/{rel}","templated":true}]}}