{"id":8569,"date":"2026-02-20T17:59:15","date_gmt":"2026-02-20T17:59:15","guid":{"rendered":"https:\/\/milzzsnack.com\/?page_id=8569"},"modified":"2026-03-06T18:15:23","modified_gmt":"2026-03-06T18:15:23","slug":"red-date-chips-3","status":"publish","type":"page","link":"https:\/\/milzzsnack.com\/hu\/red-date-chips-3\/","title":{"rendered":"Jujube chips"},"content":{"rendered":"<div data-elementor-type=\"wp-page\" data-elementor-id=\"8569\" class=\"elementor elementor-8569\">\n\t\t\t\t<div class=\"elementor-element elementor-element-f60f6c8 e-flex e-con-boxed e-con e-parent\" data-id=\"f60f6c8\" data-element_type=\"container\" data-e-type=\"container\" data-settings=\"{&quot;background_background&quot;:&quot;classic&quot;}\">\n\t\t\t\t\t<div class=\"e-con-inner\">\n\t\t<div class=\"elementor-element elementor-element-bf74a8d e-con-full e-flex e-con e-child\" data-id=\"bf74a8d\" data-element_type=\"container\" data-e-type=\"container\">\n\t\t\t\t<div class=\"elementor-element elementor-element-e1bfc65 elementor-widget elementor-widget-image\" data-id=\"e1bfc65\" data-element_type=\"widget\" data-e-type=\"widget\" data-widget_type=\"image.default\">\n\t\t\t\t<div class=\"elementor-widget-container\">\n\t\t\t\t\t\t\t\t\t\t\t\t\t\t\t<img fetchpriority=\"high\" decoding=\"async\" width=\"845\" height=\"1024\" src=\"https:\/\/milzzsnack.com\/wp-content\/uploads\/2026\/02\/ChatGPT-Image-2026.-febr.-19.-10_32_25-1-e1771862088680.png\" class=\"attachment-large size-large wp-image-8484\" alt=\"chatgpt image 2026. febr. 19. 10 32 25\" srcset=\"https:\/\/milzzsnack.com\/wp-content\/uploads\/2026\/02\/ChatGPT-Image-2026.-febr.-19.-10_32_25-1-e1771862088680.png 845w, https:\/\/milzzsnack.com\/wp-content\/uploads\/2026\/02\/ChatGPT-Image-2026.-febr.-19.-10_32_25-1-e1771862088680-248x300.png 248w, https:\/\/milzzsnack.com\/wp-content\/uploads\/2026\/02\/ChatGPT-Image-2026.-febr.-19.-10_32_25-1-e1771862088680-768x931.png 768w, https:\/\/milzzsnack.com\/wp-content\/uploads\/2026\/02\/ChatGPT-Image-2026.-febr.-19.-10_32_25-1-e1771862088680-600x727.png 600w\" sizes=\"(max-width: 845px) 100vw, 845px\" title=\"Jujube chips\">\t\t\t\t\t\t\t\t\t\t\t\t\t\t\t<\/div>\n\t\t\t\t<\/div>\n\t\t\t\t<\/div>\n\t\t<div class=\"elementor-element elementor-element-37da2c2 e-con-full e-flex e-con e-child\" data-id=\"37da2c2\" data-element_type=\"container\" data-e-type=\"container\">\n\t\t<div class=\"elementor-element elementor-element-da1cf06 e-con-full e-flex e-con e-child\" data-id=\"da1cf06\" data-element_type=\"container\" data-e-type=\"container\">\n\t\t\t\t<div class=\"elementor-element elementor-element-ca358d3 elementor-widget elementor-widget-heading\" data-id=\"ca358d3\" data-element_type=\"widget\" data-e-type=\"widget\" data-widget_type=\"heading.default\">\n\t\t\t\t<div class=\"elementor-widget-container\">\n\t\t\t\t\t<h1 class=\"elementor-heading-title elementor-size-default\">Jujube chips<\/h1>\t\t\t\t<\/div>\n\t\t\t\t<\/div>\n\t\t\t\t<div class=\"elementor-element elementor-element-d8397f4 elementor-widget elementor-widget-heading\" data-id=\"d8397f4\" data-element_type=\"widget\" data-e-type=\"widget\" data-widget_type=\"heading.default\">\n\t\t\t\t<div class=\"elementor-widget-container\">\n\t\t\t\t\t<h2 class=\"elementor-heading-title elementor-size-default\">Term\u00e9szetes \u00edz<\/h2>\t\t\t\t<\/div>\n\t\t\t\t<\/div>\n\t\t\t\t<\/div>\n\t\t<div class=\"elementor-element elementor-element-360462c e-con-full e-flex e-con e-child\" data-id=\"360462c\" data-element_type=\"container\" data-e-type=\"container\">\n\t\t\t\t<\/div>\n\t\t<div class=\"elementor-element elementor-element-ca556c0 e-con-full e-flex e-con e-child\" data-id=\"ca556c0\" data-element_type=\"container\" data-e-type=\"container\">\n\t\t\t\t<div class=\"elementor-element elementor-element-e5a8ce2 elementor-widget elementor-widget-text-editor\" data-id=\"e5a8ce2\" data-element_type=\"widget\" data-e-type=\"widget\" data-widget_type=\"text-editor.default\">\n\t\t\t\t<div class=\"elementor-widget-container\">\n\t\t\t\t\t\t\t\t\t<p>100% jujube (piros datolya),<span style=\"font-style: inherit; font-weight: inherit;\">ropog\u00f3s form\u00e1ban \u2014 hozz\u00e1adott \u00f6sszetev\u0151k n\u00e9lk\u00fcl.<\/span><\/p>\t\t\t\t\t\t\t\t<\/div>\n\t\t\t\t<\/div>\n\t\t\t\t<div class=\"elementor-element elementor-element-9704fa6 elementor-widget elementor-widget-heading\" data-id=\"9704fa6\" data-element_type=\"widget\" data-e-type=\"widget\" data-widget_type=\"heading.default\">\n\t\t\t\t<div class=\"elementor-widget-container\">\n\t\t\t\t\t<h2 class=\"elementor-heading-title elementor-size-default\">Net weight: 20g<\/h2>\t\t\t\t<\/div>\n\t\t\t\t<\/div>\n\t\t\t\t<\/div>\n\t\t<div class=\"elementor-element elementor-element-ad24c77 e-con-full e-flex e-con e-child\" data-id=\"ad24c77\" data-element_type=\"container\" data-e-type=\"container\">\n\t\t\t\t<div class=\"elementor-element elementor-element-5604d14 elementor-widget elementor-widget-text-editor\" data-id=\"5604d14\" data-element_type=\"widget\" data-e-type=\"widget\" data-widget_type=\"text-editor.default\">\n\t\t\t\t<div class=\"elementor-widget-container\">\n\t\t\t\t\t\t\t\t\t<p data-start=\"3051\" data-end=\"3365\"><strong data-start=\"3051\" data-end=\"3074\">Term\u00e9kle\u00edr\u00e1s<\/strong><br data-start=\"3074\" data-end=\"3077\" \/>Tiszta piros datolya, k\u00edm\u00e9letesen fagyasztva sz\u00e1r\u00edtva, hogy meg\u0151rizze term\u00e9szetes karakter\u00e9t \u00e9s t\u00e1p\u00e9rt\u00e9k\u00e9t. Ez a ropog\u00f3s gy\u00fcm\u00f6lcsszelet a datolya \u00edz\u00e9t a lehet\u0151 legegyszer\u0171bb form\u00e1j\u00e1ban k\u00edn\u00e1lja. Semmi hozz\u00e1adva \u2014 csak gondosan v\u00e1logatott jujube, amely meg\u0151rzi a gy\u00fcm\u00f6lcs eredeti text\u00far\u00e1j\u00e1t \u00e9s arom\u00e1j\u00e1t, mesters\u00e9ges adal\u00e9kanyagok n\u00e9lk\u00fcl.\u00a0<span style=\"font-style: inherit; font-weight: inherit;\">Egyszer\u0171, term\u00e9szetes \u00e9s letisztult v\u00e1laszt\u00e1s a mindennapokra.<\/span><\/p>\t\t\t\t\t\t\t\t<\/div>\n\t\t\t\t<\/div>\n\t\t\t\t<div class=\"elementor-element elementor-element-1f5ff44 elementor-widget elementor-widget-text-editor\" data-id=\"1f5ff44\" data-element_type=\"widget\" data-e-type=\"widget\" data-widget_type=\"text-editor.default\">\n\t\t\t\t<div class=\"elementor-widget-container\">\n\t\t\t\t\t\t\t\t\t<p data-start=\"3445\" data-end=\"3628\"><strong data-start=\"3445\" data-end=\"3461\">F\u0151bb jellemz\u0151k<\/strong><br data-start=\"3461\" data-end=\"3464\">\n\u2022 100% jujube, fagyasztva sz\u00e1r\u00edtva a min\u0151s\u00e9g meg\u0151rz\u00e9se \u00e9rdek\u00e9ben<br data-start=\"3516\" data-end=\"3519\">\n\u2022 A gy\u00fcm\u00f6lcs term\u00e9szetes karakter\u00e9nek forr\u00e1sa<br data-start=\"3554\" data-end=\"3557\">\n\u2022 Hozz\u00e1adott cukor, sz\u00ednez\u00e9k \u00e9s aroma n\u00e9lk\u00fcl<br data-start=\"3594\" data-end=\"3597\">\n\u2022 Mesters\u00e9ges tart\u00f3s\u00edt\u00f3szer n\u00e9lk\u00fcl<\/p>\t\t\t\t\t\t\t\t<\/div>\n\t\t\t\t<\/div>\n\t\t\t\t<\/div>\n\t\t\t\t<\/div>\n\t\t\t\t\t<\/div>\n\t\t\t\t<\/div>\n\t\t<div class=\"elementor-element elementor-element-586a379 e-flex e-con-boxed e-con e-parent\" data-id=\"586a379\" data-element_type=\"container\" data-e-type=\"container\" data-settings=\"{&quot;background_background&quot;:&quot;classic&quot;}\">\n\t\t\t\t\t<div class=\"e-con-inner\">\n\t\t<div class=\"elementor-element elementor-element-0f192ea e-con-full e-flex e-con e-child\" data-id=\"0f192ea\" data-element_type=\"container\" data-e-type=\"container\">\n\t\t\t\t<div class=\"elementor-element elementor-element-2c96857 elementor-widget elementor-widget-heading\" data-id=\"2c96857\" data-element_type=\"widget\" data-e-type=\"widget\" data-settings=\"{&quot;_animation&quot;:&quot;none&quot;}\" data-widget_type=\"heading.default\">\n\t\t\t\t<div class=\"elementor-widget-container\">\n\t\t\t\t\t<h2 class=\"elementor-heading-title elementor-size-default\">\u00d6sszetev\u0151k<\/h2>\t\t\t\t<\/div>\n\t\t\t\t<\/div>\n\t\t<div class=\"elementor-element elementor-element-8380a1a e-con-full e-flex e-con e-child\" data-id=\"8380a1a\" data-element_type=\"container\" data-e-type=\"container\">\n\t\t\t\t<div class=\"elementor-element elementor-element-d16635d elementor-widget elementor-widget-text-editor\" data-id=\"d16635d\" data-element_type=\"widget\" data-e-type=\"widget\" data-widget_type=\"text-editor.default\">\n\t\t\t\t<div class=\"elementor-widget-container\">\n\t\t\t\t\t\t\t\t\t<p>Piros datolya (jujube) 100%<\/p>\t\t\t\t\t\t\t\t<\/div>\n\t\t\t\t<\/div>\n\t\t\t\t<\/div>\n\t\t<div class=\"elementor-element elementor-element-f01bd9e e-con-full e-flex e-con e-child\" data-id=\"f01bd9e\" data-element_type=\"container\" data-e-type=\"container\">\n\t\t\t\t<div class=\"elementor-element elementor-element-884b4aa elementor-widget elementor-widget-text-editor\" data-id=\"884b4aa\" data-element_type=\"widget\" data-e-type=\"widget\" data-widget_type=\"text-editor.default\">\n\t\t\t\t<div class=\"elementor-widget-container\">\n\t\t\t\t\t\t\t\t\t<p><span class=\"a_GcMg font-feature-liga-off font-feature-clig-off font-feature-calt-off text-decoration-none text-strikethrough-none\">Allerg\u00e9n t\u00e1j\u00e9koztat\u00e1s: Olyan \u00fczemben k\u00e9sz\u00fclt, ahol f\u00f6ldimogyor\u00f3t, di\u00f3f\u00e9l\u00e9ket, szez\u00e1mmagot, glut\u00e9nt \u00e9s tejet is feldolgoznak. Felhaszn\u00e1l\u00e1s: Fogyaszt\u00e1sra k\u00e9sz. Te\u00e1khoz, italokhoz, levesekhez vagy k\u00e1s\u00e1khoz is felhaszn\u00e1lhat\u00f3.\nT\u00e1rol\u00e1s: H\u0171v\u00f6s, sz\u00e1raz helyen tartand\u00f3. K\u00f6zvetlen napf\u00e9nyt\u0151l v\u00e9dve. Felbont\u00e1s ut\u00e1n gondosan visszaz\u00e1rand\u00f3. Figyelmeztet\u00e9s: Kisgyermekek sz\u00e1m\u00e1ra nem aj\u00e1nlott (fullad\u00e1svesz\u00e9ly). Min\u0151s\u00e9gmeg\u0151rz\u00e9si id\u0151: A csomag alj\u00e1n felt\u00fcntetve.<\/span><\/p>\t\t\t\t\t\t\t\t<\/div>\n\t\t\t\t<\/div>\n\t\t\t\t<\/div>\n\t\t\t\t<\/div>\n\t\t<div class=\"elementor-element elementor-element-c3aa131 e-con-full e-flex e-con e-child\" data-id=\"c3aa131\" data-element_type=\"container\" data-e-type=\"container\">\n\t\t\t\t<div class=\"elementor-element elementor-element-36b9be2 elementor-widget elementor-widget-heading\" data-id=\"36b9be2\" data-element_type=\"widget\" data-e-type=\"widget\" data-widget_type=\"heading.default\">\n\t\t\t\t<div class=\"elementor-widget-container\">\n\t\t\t\t\t<h2 class=\"elementor-heading-title elementor-size-default\">T\u00e1p\u00e9rt\u00e9k:<\/h2>\t\t\t\t<\/div>\n\t\t\t\t<\/div>\n\t\t\t\t<div class=\"elementor-element elementor-element-829cb78 elementor-widget elementor-widget-text-editor\" data-id=\"829cb78\" data-element_type=\"widget\" data-e-type=\"widget\" data-widget_type=\"text-editor.default\">\n\t\t\t\t<div class=\"elementor-widget-container\">\n\t\t\t\t\t\t\t\t\t<p>100g<\/p>\t\t\t\t\t\t\t\t<\/div>\n\t\t\t\t<\/div>\n\t\t\t\t<div class=\"elementor-element elementor-element-9df1afa elementor-widget__width-initial elementor-widget elementor-widget-text-editor\" data-id=\"9df1afa\" data-element_type=\"widget\" data-e-type=\"widget\" data-widget_type=\"text-editor.default\">\n\t\t\t\t<div class=\"elementor-widget-container\">\n\t\t\t\t\t\t\t\t\t<table class=\"nutrition-table\"><thead><tr><th>T\u00e1panyag\u00e9rt\u00e9kek<\/th><th>100g<\/th><\/tr><\/thead><tbody><tr><td>Energia<\/td><td>XX kJ \/ 231.4 kcal<\/td><\/tr><tr><td>Zs\u00edr<\/td><td>0 g<\/td><\/tr><tr><td>\u2013 ebb\u0151l tel\u00edtett<\/td><td>0 g<\/td><\/tr><tr><td>Sz\u00e9nhidr\u00e1t<\/td><td>52.2 g<\/td><\/tr><tr><td>\u2013 ebb\u0151l cukor<\/td><td>XX g<\/td><\/tr><tr><td>Rost<\/td><td>XX g<\/td><\/tr><tr><td>Feh\u00e9rje<\/td><td>3.6 g<\/td><\/tr><tr><td>S\u00f3<\/td><td>0 g<\/td><\/tr><\/tbody><\/table>\t\t\t\t\t\t\t\t<\/div>\n\t\t\t\t<\/div>\n\t\t\t\t<\/div>\n\t\t\t\t\t<\/div>\n\t\t\t\t<\/div>\n\t\t\t\t<\/div>","protected":false},"excerpt":{"rendered":"<p>Red Date Chips Natural flavour 100% natural jujube and nothing else, always crunchy Net weight: 20g Product DescriptionPure red dates, gently freeze-dried to preserve their natural character and nutrition. These chips deliver crisp, clean fruit flavour in its simplest form. Nothing added \u2014 just carefully selected jujube prepared to retain the fruit\u2019s texture and essence, [&hellip;]<\/p>\n","protected":false},"author":1,"featured_media":0,"parent":0,"menu_order":0,"comment_status":"closed","ping_status":"closed","template":"elementor_header_footer","meta":{"site-sidebar-layout":"no-sidebar","site-content-layout":"page-builder","ast-site-content-layout":"full-width-container","site-content-style":"default","site-sidebar-style":"default","ast-global-header-display":"","ast-banner-title-visibility":"","ast-main-header-display":"","ast-hfb-above-header-display":"","ast-hfb-below-header-display":"","ast-hfb-mobile-header-display":"","site-post-title":"","ast-breadcrumbs-content":"","ast-featured-img":"disabled","footer-sml-layout":"","ast-disable-related-posts":"","theme-transparent-header-meta":"","adv-header-id-meta":"","stick-header-meta":"","header-above-stick-meta":"","header-main-stick-meta":"","header-below-stick-meta":"","astra-migrate-meta-layouts":"set","ast-page-background-enabled":"default","ast-page-background-meta":{"desktop":{"background-color":"","background-image":"","background-repeat":"repeat","background-position":"center center","background-size":"auto","background-attachment":"scroll","background-type":"","background-media":"","overlay-type":"","overlay-color":"","overlay-opacity":"","overlay-gradient":""},"tablet":{"background-color":"","background-image":"","background-repeat":"repeat","background-position":"center center","background-size":"auto","background-attachment":"scroll","background-type":"","background-media":"","overlay-type":"","overlay-color":"","overlay-opacity":"","overlay-gradient":""},"mobile":{"background-color":"","background-image":"","background-repeat":"repeat","background-position":"center center","background-size":"auto","background-attachment":"scroll","background-type":"","background-media":"","overlay-type":"","overlay-color":"","overlay-opacity":"","overlay-gradient":""}},"ast-content-background-meta":{"desktop":{"background-color":"var(--ast-global-color-5)","background-image":"","background-repeat":"repeat","background-position":"center center","background-size":"auto","background-attachment":"scroll","background-type":"","background-media":"","overlay-type":"","overlay-color":"","overlay-opacity":"","overlay-gradient":""},"tablet":{"background-color":"var(--ast-global-color-5)","background-image":"","background-repeat":"repeat","background-position":"center center","background-size":"auto","background-attachment":"scroll","background-type":"","background-media":"","overlay-type":"","overlay-color":"","overlay-opacity":"","overlay-gradient":""},"mobile":{"background-color":"var(--ast-global-color-5)","background-image":"","background-repeat":"repeat","background-position":"center center","background-size":"auto","background-attachment":"scroll","background-type":"","background-media":"","overlay-type":"","overlay-color":"","overlay-opacity":"","overlay-gradient":""}},"footnotes":""},"class_list":["post-8569","page","type-page","status-publish","hentry"],"_links":{"self":[{"href":"https:\/\/milzzsnack.com\/hu\/wp-json\/wp\/v2\/pages\/8569","targetHints":{"allow":["GET"]}}],"collection":[{"href":"https:\/\/milzzsnack.com\/hu\/wp-json\/wp\/v2\/pages"}],"about":[{"href":"https:\/\/milzzsnack.com\/hu\/wp-json\/wp\/v2\/types\/page"}],"author":[{"embeddable":true,"href":"https:\/\/milzzsnack.com\/hu\/wp-json\/wp\/v2\/users\/1"}],"replies":[{"embeddable":true,"href":"https:\/\/milzzsnack.com\/hu\/wp-json\/wp\/v2\/comments?post=8569"}],"version-history":[{"count":56,"href":"https:\/\/milzzsnack.com\/hu\/wp-json\/wp\/v2\/pages\/8569\/revisions"}],"predecessor-version":[{"id":9014,"href":"https:\/\/milzzsnack.com\/hu\/wp-json\/wp\/v2\/pages\/8569\/revisions\/9014"}],"wp:attachment":[{"href":"https:\/\/milzzsnack.com\/hu\/wp-json\/wp\/v2\/media?parent=8569"}],"curies":[{"name":"wp","href":"https:\/\/api.w.org\/{rel}","templated":true}]}}