{"id":8580,"date":"2026-02-20T18:04:10","date_gmt":"2026-02-20T18:04:10","guid":{"rendered":"https:\/\/milzzsnack.com\/?page_id=8580"},"modified":"2026-03-05T13:55:54","modified_gmt":"2026-03-05T13:55:54","slug":"hawthorn-bars-with-honey-2","status":"publish","type":"page","link":"https:\/\/milzzsnack.com\/hu\/hawthorn-bars-with-honey-2\/","title":{"rendered":"M\u00e9zes galagonyacs\u00edkok"},"content":{"rendered":"<div data-elementor-type=\"wp-page\" data-elementor-id=\"8580\" class=\"elementor elementor-8580\">\n\t\t\t\t<div class=\"elementor-element elementor-element-6445643 e-flex e-con-boxed e-con e-parent\" data-id=\"6445643\" data-element_type=\"container\" data-e-type=\"container\" data-settings=\"{&quot;background_background&quot;:&quot;classic&quot;}\">\n\t\t\t\t\t<div class=\"e-con-inner\">\n\t\t<div class=\"elementor-element elementor-element-dc7555b e-con-full e-flex e-con e-child\" data-id=\"dc7555b\" data-element_type=\"container\" data-e-type=\"container\">\n\t\t\t\t<div class=\"elementor-element elementor-element-2ca176b elementor-widget__width-initial elementor-widget elementor-widget-image\" data-id=\"2ca176b\" data-element_type=\"widget\" data-e-type=\"widget\" data-widget_type=\"image.default\">\n\t\t\t\t<div class=\"elementor-widget-container\">\n\t\t\t\t\t\t\t\t\t\t\t\t\t\t\t<img fetchpriority=\"high\" decoding=\"async\" width=\"824\" height=\"1024\" src=\"https:\/\/milzzsnack.com\/wp-content\/uploads\/2026\/02\/ChatGPT-Image-2026.-febr.-19.-21_43_20-1-e1771883430788.png\" class=\"attachment-large size-large wp-image-8483\" alt=\"chatgpt image 2026. febr. 19. 21 43 20\" srcset=\"https:\/\/milzzsnack.com\/wp-content\/uploads\/2026\/02\/ChatGPT-Image-2026.-febr.-19.-21_43_20-1-e1771883430788.png 824w, https:\/\/milzzsnack.com\/wp-content\/uploads\/2026\/02\/ChatGPT-Image-2026.-febr.-19.-21_43_20-1-e1771883430788-241x300.png 241w, https:\/\/milzzsnack.com\/wp-content\/uploads\/2026\/02\/ChatGPT-Image-2026.-febr.-19.-21_43_20-1-e1771883430788-768x954.png 768w, https:\/\/milzzsnack.com\/wp-content\/uploads\/2026\/02\/ChatGPT-Image-2026.-febr.-19.-21_43_20-1-e1771883430788-600x746.png 600w\" sizes=\"(max-width: 824px) 100vw, 824px\" title=\"M\u00e9zes galagonyacs\u00edkok\">\t\t\t\t\t\t\t\t\t\t\t\t\t\t\t<\/div>\n\t\t\t\t<\/div>\n\t\t\t\t<\/div>\n\t\t<div class=\"elementor-element elementor-element-f5e2540 e-con-full e-flex e-con e-child\" data-id=\"f5e2540\" data-element_type=\"container\" data-e-type=\"container\">\n\t\t<div class=\"elementor-element elementor-element-8e22cfe e-con-full e-flex e-con e-child\" data-id=\"8e22cfe\" data-element_type=\"container\" data-e-type=\"container\">\n\t\t\t\t<div class=\"elementor-element elementor-element-23b8052 elementor-widget elementor-widget-heading\" data-id=\"23b8052\" data-element_type=\"widget\" data-e-type=\"widget\" data-widget_type=\"heading.default\">\n\t\t\t\t<div class=\"elementor-widget-container\">\n\t\t\t\t\t<h1 class=\"elementor-heading-title elementor-size-default\">Galagonyacs\u00edkok<\/h1>\t\t\t\t<\/div>\n\t\t\t\t<\/div>\n\t\t\t\t<div class=\"elementor-element elementor-element-08071ee elementor-widget elementor-widget-heading\" data-id=\"08071ee\" data-element_type=\"widget\" data-e-type=\"widget\" data-widget_type=\"heading.default\">\n\t\t\t\t<div class=\"elementor-widget-container\">\n\t\t\t\t\t<h2 class=\"elementor-heading-title elementor-size-default\">m\u00e9zzel<\/h2>\t\t\t\t<\/div>\n\t\t\t\t<\/div>\n\t\t\t\t<\/div>\n\t\t<div class=\"elementor-element elementor-element-e6fcf21 e-con-full e-flex e-con e-child\" data-id=\"e6fcf21\" data-element_type=\"container\" data-e-type=\"container\">\n\t\t\t\t<div class=\"elementor-element elementor-element-2a87f2a elementor-widget elementor-widget-text-editor\" data-id=\"2a87f2a\" data-element_type=\"widget\" data-e-type=\"widget\" data-widget_type=\"text-editor.default\">\n\t\t\t\t<div class=\"elementor-widget-container\">\n\t\t\t\t\t\t\t\t\t<p>Val\u00f3di galagony\u00e1val \u00e9s a m\u00e9z term\u00e9szetes erej\u00e9vel, \u00edzletes, eg\u00e9szs\u00e9ges snack b\u00e1rmikor.<\/p>\n<div class=\"relative w-full my-4\">\n<div class=\"\">\n<div class=\"relative\">\n<div class=\"\">\n<div class=\"\">&nbsp;<\/div>\n<\/div>\n<\/div>\n<\/div>\n<\/div>\n<p data-start=\"2625\" data-end=\"2668\">\n<\/p>\t\t\t\t\t\t\t\t<\/div>\n\t\t\t\t<\/div>\n\t\t\t\t<div class=\"elementor-element elementor-element-f1671f6 elementor-widget elementor-widget-heading\" data-id=\"f1671f6\" data-element_type=\"widget\" data-e-type=\"widget\" data-widget_type=\"heading.default\">\n\t\t\t\t<div class=\"elementor-widget-container\">\n\t\t\t\t\t<h2 class=\"elementor-heading-title elementor-size-default\">Net weight: 130g<\/h2>\t\t\t\t<\/div>\n\t\t\t\t<\/div>\n\t\t\t\t<\/div>\n\t\t<div class=\"elementor-element elementor-element-59f0074 e-con-full e-flex e-con e-child\" data-id=\"59f0074\" data-element_type=\"container\" data-e-type=\"container\">\n\t\t\t\t<div class=\"elementor-element elementor-element-88d7758 elementor-widget elementor-widget-text-editor\" data-id=\"88d7758\" data-element_type=\"widget\" data-e-type=\"widget\" data-widget_type=\"text-editor.default\">\n\t\t\t\t<div class=\"elementor-widget-container\">\n\t\t\t\t\t\t\t\t\t<p data-start=\"601\" data-end=\"1011\"><strong data-start=\"601\" data-end=\"624\">Term\u00e9kle\u00edr\u00e1s<\/strong><br data-start=\"624\" data-end=\"627\">Egy kifinomult gy\u00fcm\u00f6lcs\u00f6s nassolnival\u00f3, gondosan v\u00e1logatott galagony\u00e1b\u00f3l \u00e9s tiszta m\u00e9zb\u0151l k\u00e9sz\u00edtve. A Hawthorn Bars with Honey a galagonya jellegzetes \u00edz\u00e9t a m\u00e9z l\u00e1gy, kerek arom\u00e1ival \u00f6tv\u00f6zi, kiegyens\u00falyozott, gy\u00fcm\u00f6lcs\u00f6s \u00e9lm\u00e9nyt adva.\n\nMinden \u00f6sszetev\u0151 \u00e1tgondoltan van kiv\u00e1lasztva, mesters\u00e9ges sz\u00ednez\u00e9k, aroma vagy f\u00f6l\u00f6sleges adal\u00e9kanyag n\u00e9lk\u00fcl. A c\u00e9l, hogy a gy\u00fcm\u00f6lcs term\u00e9szetes karaktere maradjon a k\u00f6z\u00e9ppontban. Az eredm\u00e9ny egy tiszta, kifinomult \u00edz, \u00e9lvezetes text\u00far\u00e1val \u2014 modern alternat\u00edva a hagyom\u00e1nyos, cukros nassolnival\u00f3k helyett.&nbsp;<span style=\"font-style: inherit; font-weight: inherit;\">Every ingredient is thoughtfully selected and combined to allow the fruit\u2019s natural character to remain at the centre. The result is a clean, nuanced flavour with satisfying texture \u2014 a modern alternative to conventional sugary snacks.<\/span><\/p><ul>\n<\/ul>\t\t\t\t\t\t\t\t<\/div>\n\t\t\t\t<\/div>\n\t\t\t\t<\/div>\n\t\t<div class=\"elementor-element elementor-element-4c66d84 e-con-full e-flex e-con e-child\" data-id=\"4c66d84\" data-element_type=\"container\" data-e-type=\"container\">\n\t\t\t\t<div class=\"elementor-element elementor-element-e7654eb elementor-widget elementor-widget-text-editor\" data-id=\"e7654eb\" data-element_type=\"widget\" data-e-type=\"widget\" data-widget_type=\"text-editor.default\">\n\t\t\t\t<div class=\"elementor-widget-container\">\n\t\t\t\t\t\t\t\t\t<p data-start=\"601\" data-end=\"1011\"><span style=\"font-style: inherit;\" data-start=\"1250\" data-end=\"1266\"><b>F\u0151bb jellemz\u0151k<\/b><\/span><\/p><p data-start=\"601\" data-end=\"1011\"><span style=\"font-style: inherit;\" data-start=\"1250\" data-end=\"1266\"><\/span><\/p><p data-start=\"1250\" data-end=\"1436\">\u2022 Val\u00f3di galagonya \u00e9s tiszta m\u00e9z felhaszn\u00e1l\u00e1s\u00e1val<br data-start=\"1309\" data-end=\"1312\">\n\u2022 Nyomon k\u00f6vethet\u0151, gondosan v\u00e1logatott gy\u00fcm\u00f6lcs\u00f6sszetev\u0151k<br data-start=\"1341\" data-end=\"1344\">\n\u2022 Nincs mesters\u00e9ges sz\u00ednez\u00e9k, aroma vagy tart\u00f3s\u00edt\u00f3szer<br data-start=\"1394\" data-end=\"1397\">\n\u2022 Tiszta c\u00edmke, \u00e1tgondolt k\u00e9sz\u00edt\u00e9s<\/p><ul>\n<\/ul>\t\t\t\t\t\t\t\t<\/div>\n\t\t\t\t<\/div>\n\t\t\t\t<\/div>\n\t\t\t\t<\/div>\n\t\t\t\t\t<\/div>\n\t\t\t\t<\/div>\n\t\t<div class=\"elementor-element elementor-element-1a64d70 e-flex e-con-boxed e-con e-parent\" data-id=\"1a64d70\" data-element_type=\"container\" data-e-type=\"container\" data-settings=\"{&quot;background_background&quot;:&quot;classic&quot;}\">\n\t\t\t\t\t<div class=\"e-con-inner\">\n\t\t<div class=\"elementor-element elementor-element-239a722 e-con-full e-flex e-con e-child\" data-id=\"239a722\" data-element_type=\"container\" data-e-type=\"container\" data-settings=\"{&quot;background_background&quot;:&quot;classic&quot;}\">\n\t\t<div class=\"elementor-element elementor-element-7466e51 e-con-full e-flex e-con e-child\" data-id=\"7466e51\" data-element_type=\"container\" data-e-type=\"container\">\n\t\t\t\t<div class=\"elementor-element elementor-element-504e6ff elementor-widget elementor-widget-heading\" data-id=\"504e6ff\" data-element_type=\"widget\" data-e-type=\"widget\" data-widget_type=\"heading.default\">\n\t\t\t\t<div class=\"elementor-widget-container\">\n\t\t\t\t\t<h2 class=\"elementor-heading-title elementor-size-default\">\u00d6sszetev\u0151k<\/h2>\t\t\t\t<\/div>\n\t\t\t\t<\/div>\n\t\t<div class=\"elementor-element elementor-element-273bd86 e-con-full e-flex e-con e-child\" data-id=\"273bd86\" data-element_type=\"container\" data-e-type=\"container\">\n\t\t\t\t<div class=\"elementor-element elementor-element-d1323fe elementor-widget elementor-widget-text-editor\" data-id=\"d1323fe\" data-element_type=\"widget\" data-e-type=\"widget\" data-widget_type=\"text-editor.default\">\n\t\t\t\t<div class=\"elementor-widget-container\">\n\t\t\t\t\t\t\t\t\t<p><span class=\"a_GcMg font-feature-liga-off font-feature-clig-off font-feature-calt-off text-decoration-none text-strikethrough-none\">Galagonya (51%), cukor, m\u00e9z, v\u00edz<\/span><\/p>\t\t\t\t\t\t\t\t<\/div>\n\t\t\t\t<\/div>\n\t\t\t\t<\/div>\n\t\t<div class=\"elementor-element elementor-element-22ff2ec e-con-full e-flex e-con e-child\" data-id=\"22ff2ec\" data-element_type=\"container\" data-e-type=\"container\">\n\t\t\t\t<div class=\"elementor-element elementor-element-d669eef elementor-widget elementor-widget-text-editor\" data-id=\"d669eef\" data-element_type=\"widget\" data-e-type=\"widget\" data-widget_type=\"text-editor.default\">\n\t\t\t\t<div class=\"elementor-widget-container\">\n\t\t\t\t\t\t\t\t\t<p><span class=\"a_GcMg font-feature-liga-off font-feature-clig-off font-feature-calt-off text-decoration-none text-strikethrough-none\">Haszn\u00e1lati \u00fatmutat\u00f3: Fogyaszt\u00e1sra k\u00e9sz a csomag felbont\u00e1sa ut\u00e1n. T\u00e1rol\u00e1s: sz\u00e1raz, h\u0171v\u00f6s, j\u00f3l szell\u0151z\u0151 helyen. Min\u0151s\u00e9gmeg\u0151rz\u00e9si id\u0151: a csomag alj\u00e1n felt\u00fcntetve. Figyelmeztet\u00e9s: ne nyeld le egyben. Id\u0151seknek \u00e9s gyermekeknek feln\u0151tt fel\u00fcgyelete mellett aj\u00e1nlott. Felbont\u00e1s ut\u00e1n a lehet\u0151 leghamarabb fogyaszd el.\nA term\u00e9k k\u00e9pei illusztr\u00e1ci\u00f3k; a t\u00e9nyleges term\u00e9k a m\u00e9rvad\u00f3.<\/span><\/p>\t\t\t\t\t\t\t\t<\/div>\n\t\t\t\t<\/div>\n\t\t\t\t<\/div>\n\t\t\t\t<\/div>\n\t\t<div class=\"elementor-element elementor-element-175478e e-con-full e-flex e-con e-child\" data-id=\"175478e\" data-element_type=\"container\" data-e-type=\"container\">\n\t\t\t\t<div class=\"elementor-element elementor-element-dedec76 elementor-widget elementor-widget-heading\" data-id=\"dedec76\" data-element_type=\"widget\" data-e-type=\"widget\" data-widget_type=\"heading.default\">\n\t\t\t\t<div class=\"elementor-widget-container\">\n\t\t\t\t\t<h2 class=\"elementor-heading-title elementor-size-default\">T\u00e1p\u00e9rt\u00e9k:<\/h2>\t\t\t\t<\/div>\n\t\t\t\t<\/div>\n\t\t\t\t<div class=\"elementor-element elementor-element-92eb1be elementor-widget elementor-widget-text-editor\" data-id=\"92eb1be\" data-element_type=\"widget\" data-e-type=\"widget\" data-widget_type=\"text-editor.default\">\n\t\t\t\t<div class=\"elementor-widget-container\">\n\t\t\t\t\t\t\t\t\t<p>100g<\/p>\t\t\t\t\t\t\t\t<\/div>\n\t\t\t\t<\/div>\n\t\t\t\t<div class=\"elementor-element elementor-element-89f4efc elementor-widget__width-initial elementor-widget elementor-widget-text-editor\" data-id=\"89f4efc\" data-element_type=\"widget\" data-e-type=\"widget\" data-widget_type=\"text-editor.default\">\n\t\t\t\t<div class=\"elementor-widget-container\">\n\t\t\t\t\t\t\t\t\t<table><thead><tr><th>T\u00e1panyag\u00e9rt\u00e9kek<\/th><th>100g<\/th><\/tr><\/thead><tbody><tr><td>Energia<\/td><td>1411 kJ \/ 337 kcal<\/td><\/tr><tr><td>Zs\u00edr<\/td><td>0.38 g<\/td><\/tr><tr><td>\u2013 ebb\u0151l tel\u00edtett<\/td><td>0.24 g<\/td><\/tr><tr><td>Sz\u00e9nhidr\u00e1t<\/td><td>83 g<\/td><\/tr><tr><td>\u2013 ebb\u0151l cukor<\/td><td>72.3 g<\/td><\/tr><tr><td>Rost<\/td><td>4.85 g<\/td><\/tr><tr><td>Feh\u00e9rje<\/td><td>0.36 g<\/td><\/tr><tr><td>S\u00f3<\/td><td>&lt;0.36 g<\/td><\/tr><\/tbody><\/table>\t\t\t\t\t\t\t\t<\/div>\n\t\t\t\t<\/div>\n\t\t\t\t<\/div>\n\t\t\t\t<\/div>\n\t\t\t\t\t<\/div>\n\t\t\t\t<\/div>\n\t\t\t\t<\/div>","protected":false},"excerpt":{"rendered":"<p>Hawthorn Bars with Honey Packed with real hawthorn fruit and the natural power of honey, for a deliciously healthy snack anytime. &nbsp; Net weight: 130g Product DescriptionA refined fruit snack crafted from carefully selected hawthorn and pure honey. Our Honey Hawthorn Bars bring together the naturally distinctive character of hawthorn with the rounded notes of [&hellip;]<\/p>\n","protected":false},"author":1,"featured_media":0,"parent":0,"menu_order":0,"comment_status":"closed","ping_status":"closed","template":"elementor_header_footer","meta":{"site-sidebar-layout":"no-sidebar","site-content-layout":"page-builder","ast-site-content-layout":"full-width-container","site-content-style":"default","site-sidebar-style":"default","ast-global-header-display":"","ast-banner-title-visibility":"","ast-main-header-display":"","ast-hfb-above-header-display":"","ast-hfb-below-header-display":"","ast-hfb-mobile-header-display":"","site-post-title":"","ast-breadcrumbs-content":"","ast-featured-img":"disabled","footer-sml-layout":"","ast-disable-related-posts":"","theme-transparent-header-meta":"","adv-header-id-meta":"","stick-header-meta":"","header-above-stick-meta":"","header-main-stick-meta":"","header-below-stick-meta":"","astra-migrate-meta-layouts":"set","ast-page-background-enabled":"default","ast-page-background-meta":{"desktop":{"background-color":"","background-image":"","background-repeat":"repeat","background-position":"center center","background-size":"auto","background-attachment":"scroll","background-type":"","background-media":"","overlay-type":"","overlay-color":"","overlay-opacity":"","overlay-gradient":""},"tablet":{"background-color":"","background-image":"","background-repeat":"repeat","background-position":"center center","background-size":"auto","background-attachment":"scroll","background-type":"","background-media":"","overlay-type":"","overlay-color":"","overlay-opacity":"","overlay-gradient":""},"mobile":{"background-color":"","background-image":"","background-repeat":"repeat","background-position":"center center","background-size":"auto","background-attachment":"scroll","background-type":"","background-media":"","overlay-type":"","overlay-color":"","overlay-opacity":"","overlay-gradient":""}},"ast-content-background-meta":{"desktop":{"background-color":"var(--ast-global-color-5)","background-image":"","background-repeat":"repeat","background-position":"center center","background-size":"auto","background-attachment":"scroll","background-type":"","background-media":"","overlay-type":"","overlay-color":"","overlay-opacity":"","overlay-gradient":""},"tablet":{"background-color":"var(--ast-global-color-5)","background-image":"","background-repeat":"repeat","background-position":"center center","background-size":"auto","background-attachment":"scroll","background-type":"","background-media":"","overlay-type":"","overlay-color":"","overlay-opacity":"","overlay-gradient":""},"mobile":{"background-color":"var(--ast-global-color-5)","background-image":"","background-repeat":"repeat","background-position":"center center","background-size":"auto","background-attachment":"scroll","background-type":"","background-media":"","overlay-type":"","overlay-color":"","overlay-opacity":"","overlay-gradient":""}},"footnotes":""},"class_list":["post-8580","page","type-page","status-publish","hentry"],"_links":{"self":[{"href":"https:\/\/milzzsnack.com\/hu\/wp-json\/wp\/v2\/pages\/8580","targetHints":{"allow":["GET"]}}],"collection":[{"href":"https:\/\/milzzsnack.com\/hu\/wp-json\/wp\/v2\/pages"}],"about":[{"href":"https:\/\/milzzsnack.com\/hu\/wp-json\/wp\/v2\/types\/page"}],"author":[{"embeddable":true,"href":"https:\/\/milzzsnack.com\/hu\/wp-json\/wp\/v2\/users\/1"}],"replies":[{"embeddable":true,"href":"https:\/\/milzzsnack.com\/hu\/wp-json\/wp\/v2\/comments?post=8580"}],"version-history":[{"count":46,"href":"https:\/\/milzzsnack.com\/hu\/wp-json\/wp\/v2\/pages\/8580\/revisions"}],"predecessor-version":[{"id":8979,"href":"https:\/\/milzzsnack.com\/hu\/wp-json\/wp\/v2\/pages\/8580\/revisions\/8979"}],"wp:attachment":[{"href":"https:\/\/milzzsnack.com\/hu\/wp-json\/wp\/v2\/media?parent=8580"}],"curies":[{"name":"wp","href":"https:\/\/api.w.org\/{rel}","templated":true}]}}