{"id":8591,"date":"2026-02-20T18:07:09","date_gmt":"2026-02-20T18:07:09","guid":{"rendered":"https:\/\/milzzsnack.com\/?page_id=8591"},"modified":"2026-02-25T07:04:43","modified_gmt":"2026-02-25T07:04:43","slug":"hawthorn-bars-with-berries","status":"publish","type":"page","link":"https:\/\/milzzsnack.com\/hu\/hawthorn-bars-with-berries\/","title":{"rendered":"Galagonyacs\u00edkok erdei gy\u00fcm\u00f6lcs\u00f6kkel"},"content":{"rendered":"<div data-elementor-type=\"wp-page\" data-elementor-id=\"8591\" class=\"elementor elementor-8591\">\n\t\t\t\t<div class=\"elementor-element elementor-element-2f29ec0 e-flex e-con-boxed e-con e-parent\" data-id=\"2f29ec0\" data-element_type=\"container\" data-e-type=\"container\" data-settings=\"{&quot;background_background&quot;:&quot;classic&quot;}\">\n\t\t\t\t\t<div class=\"e-con-inner\">\n\t\t<div class=\"elementor-element elementor-element-803fd2a e-con-full e-flex e-con e-child\" data-id=\"803fd2a\" data-element_type=\"container\" data-e-type=\"container\">\n\t\t\t\t<div class=\"elementor-element elementor-element-cfa3cde elementor-widget elementor-widget-image\" data-id=\"cfa3cde\" data-element_type=\"widget\" data-e-type=\"widget\" data-widget_type=\"image.default\">\n\t\t\t\t<div class=\"elementor-widget-container\">\n\t\t\t\t\t\t\t\t\t\t\t\t\t\t\t<img fetchpriority=\"high\" decoding=\"async\" width=\"820\" height=\"1024\" src=\"https:\/\/milzzsnack.com\/wp-content\/uploads\/2026\/02\/ChatGPT-Image-2026.-febr.-20.-11_49_30-1-e1771883287808.png\" class=\"attachment-large size-large wp-image-8482\" alt=\"chatgpt image 2026. febr. 20. 11 49 30\" srcset=\"https:\/\/milzzsnack.com\/wp-content\/uploads\/2026\/02\/ChatGPT-Image-2026.-febr.-20.-11_49_30-1-e1771883287808.png 820w, https:\/\/milzzsnack.com\/wp-content\/uploads\/2026\/02\/ChatGPT-Image-2026.-febr.-20.-11_49_30-1-e1771883287808-240x300.png 240w, https:\/\/milzzsnack.com\/wp-content\/uploads\/2026\/02\/ChatGPT-Image-2026.-febr.-20.-11_49_30-1-e1771883287808-768x959.png 768w, https:\/\/milzzsnack.com\/wp-content\/uploads\/2026\/02\/ChatGPT-Image-2026.-febr.-20.-11_49_30-1-e1771883287808-600x749.png 600w\" sizes=\"(max-width: 820px) 100vw, 820px\" title=\"Galagonyacs\u00edkok erdei gy\u00fcm\u00f6lcs\u00f6kkel\">\t\t\t\t\t\t\t\t\t\t\t\t\t\t\t<\/div>\n\t\t\t\t<\/div>\n\t\t\t\t<\/div>\n\t\t<div class=\"elementor-element elementor-element-e11acf8 e-con-full e-flex e-con e-child\" data-id=\"e11acf8\" data-element_type=\"container\" data-e-type=\"container\">\n\t\t<div class=\"elementor-element elementor-element-8689337 e-con-full e-flex e-con e-child\" data-id=\"8689337\" data-element_type=\"container\" data-e-type=\"container\">\n\t\t\t\t<div class=\"elementor-element elementor-element-d5acad3 elementor-widget elementor-widget-heading\" data-id=\"d5acad3\" data-element_type=\"widget\" data-e-type=\"widget\" data-widget_type=\"heading.default\">\n\t\t\t\t<div class=\"elementor-widget-container\">\n\t\t\t\t\t<h1 class=\"elementor-heading-title elementor-size-default\">Galagonyacs\u00edkok<\/h1>\t\t\t\t<\/div>\n\t\t\t\t<\/div>\n\t\t\t\t<div class=\"elementor-element elementor-element-f1da2f8 elementor-widget elementor-widget-heading\" data-id=\"f1da2f8\" data-element_type=\"widget\" data-e-type=\"widget\" data-widget_type=\"heading.default\">\n\t\t\t\t<div class=\"elementor-widget-container\">\n\t\t\t\t\t<h2 class=\"elementor-heading-title elementor-size-default\">erdei gy\u00fcm\u00f6lcs\u00f6kkel<\/h2>\t\t\t\t<\/div>\n\t\t\t\t<\/div>\n\t\t\t\t<\/div>\n\t\t<div class=\"elementor-element elementor-element-0400c3f e-con-full e-flex e-con e-child\" data-id=\"0400c3f\" data-element_type=\"container\" data-e-type=\"container\">\n\t\t\t\t<div class=\"elementor-element elementor-element-4377399 elementor-widget elementor-widget-text-editor\" data-id=\"4377399\" data-element_type=\"widget\" data-e-type=\"widget\" data-widget_type=\"text-editor.default\">\n\t\t\t\t<div class=\"elementor-widget-container\">\n\t\t\t\t\t\t\t\t\t<p>Val\u00f3di galagony\u00e1b\u00f3l k\u00e9sz\u00edtve, \u00e1fony\u00e1val, v\u00f6r\u00f6s \u00e1fony\u00e1val \u00e9s eperfagy\u00fcm\u00f6lccsel gazdag\u00edtva \u2013 term\u00e9szetesen gy\u00fcm\u00f6lcs\u00f6s, friss\u00edt\u0151 \u00e9lm\u00e9ny minden falatban.<\/p>\t\t\t\t\t\t\t\t<\/div>\n\t\t\t\t<\/div>\n\t\t\t\t<div class=\"elementor-element elementor-element-6d59d4b elementor-widget elementor-widget-heading\" data-id=\"6d59d4b\" data-element_type=\"widget\" data-e-type=\"widget\" data-widget_type=\"heading.default\">\n\t\t\t\t<div class=\"elementor-widget-container\">\n\t\t\t\t\t<h2 class=\"elementor-heading-title elementor-size-default\">Net weight: 130g<\/h2>\t\t\t\t<\/div>\n\t\t\t\t<\/div>\n\t\t\t\t<\/div>\n\t\t<div class=\"elementor-element elementor-element-33ddf00 e-con-full e-flex e-con e-child\" data-id=\"33ddf00\" data-element_type=\"container\" data-e-type=\"container\">\n\t\t\t\t<div class=\"elementor-element elementor-element-6ce0ee0 elementor-widget elementor-widget-text-editor\" data-id=\"6ce0ee0\" data-element_type=\"widget\" data-e-type=\"widget\" data-widget_type=\"text-editor.default\">\n\t\t\t\t<div class=\"elementor-widget-container\">\n\t\t\t\t\t\t\t\t\t<p data-start=\"1484\" data-end=\"1794\"><strong data-start=\"1484\" data-end=\"1507\">Term\u00e9kle\u00edr\u00e1s<\/strong><br data-start=\"1507\" data-end=\"1510\" \/>Galagonya \u00e9s gondosan v\u00e1logatott bogy\u00f3s gy\u00fcm\u00f6lcs\u00f6k \u2014 \u00e1fonya, v\u00f6r\u00f6s \u00e1fonya \u00e9s eperfagy\u00fcm\u00f6lcs \u2014 harmonikus tal\u00e1lkoz\u00e1sa egy r\u00e9tegzett, karakteres gy\u00fcm\u00f6lcsszeletben.\n\nA term\u00e9k nyomon k\u00f6vethet\u0151 gy\u00fcm\u00f6lcsalapanyagokb\u00f3l k\u00e9sz\u00fcl, \u00e1tgondolt elj\u00e1r\u00e1ssal, hogy meg\u0151rizze a gy\u00fcm\u00f6lcs term\u00e9szetes m\u00e9lys\u00e9g\u00e9t \u00e9s \u00e1rnyalatait. Mesters\u00e9ges adal\u00e9kanyagok n\u00e9lk\u00fcl, a hagyom\u00e1nyos gy\u00fcm\u00f6lcsfeldolgoz\u00e1s ir\u00e1nti tisztelet \u00e9s a modern min\u0151s\u00e9gi elv\u00e1r\u00e1sok ment\u00e9n k\u00e9sz\u00fcl.\u00a0<span style=\"font-style: inherit; font-weight: inherit;\">Intenz\u00edv gy\u00fcm\u00f6lcs\u00f6ss\u00e9g \u00e9s letisztult \u00f6sszet\u00e9tel \u2013 azoknak, akik val\u00f3di gy\u00fcm\u00f6lcs karaktert keresnek minden falatban.<\/span><\/p>\t\t\t\t\t\t\t\t<\/div>\n\t\t\t\t<\/div>\n\t\t\t\t<\/div>\n\t\t<div class=\"elementor-element elementor-element-aca8e98 e-con-full e-flex e-con e-child\" data-id=\"aca8e98\" data-element_type=\"container\" data-e-type=\"container\">\n\t\t\t\t<div class=\"elementor-element elementor-element-41c7353 elementor-widget elementor-widget-text-editor\" data-id=\"41c7353\" data-element_type=\"widget\" data-e-type=\"widget\" data-widget_type=\"text-editor.default\">\n\t\t\t\t<div class=\"elementor-widget-container\">\n\t\t\t\t\t\t\t\t\t<p><strong data-start=\"2060\" data-end=\"2076\">F\u0151bb jellemz\u0151k<\/strong><\/p><p><span data-start=\"2060\" data-end=\"2076\">\u2022 Val\u00f3di galagonya term\u00e9szetes bogy\u00f3s gy\u00fcm\u00f6lcs\u00f6kkel<br data-start=\"2130\" data-end=\"2133\">\n\u2022 Nyomon k\u00f6vethet\u0151, gondosan v\u00e1logatott gy\u00fcm\u00f6lcs\u00f6sszetev\u0151k<br data-start=\"2162\" data-end=\"2165\">\n\u2022 Mesters\u00e9ges adal\u00e9kanyagokt\u00f3l, sz\u00ednez\u00e9kekt\u0151l \u00e9s arom\u00e1kt\u00f3l mentes<br data-start=\"2211\" data-end=\"2214\">\n\u2022 Tiszta \u00f6sszet\u00e9tel, r\u00e9tegzett gy\u00fcm\u00f6lcs\u00f6s \u00edzvil\u00e1g<\/span><\/p>\t\t\t\t\t\t\t\t<\/div>\n\t\t\t\t<\/div>\n\t\t\t\t<\/div>\n\t\t\t\t<\/div>\n\t\t\t\t\t<\/div>\n\t\t\t\t<\/div>\n\t\t<div class=\"elementor-element elementor-element-77f581b e-flex e-con-boxed e-con e-parent\" data-id=\"77f581b\" data-element_type=\"container\" data-e-type=\"container\" data-settings=\"{&quot;background_background&quot;:&quot;classic&quot;}\">\n\t\t\t\t\t<div class=\"e-con-inner\">\n\t\t<div class=\"elementor-element elementor-element-ef43427 e-con-full e-flex e-con e-child\" data-id=\"ef43427\" data-element_type=\"container\" data-e-type=\"container\" data-settings=\"{&quot;background_background&quot;:&quot;classic&quot;}\">\n\t\t<div class=\"elementor-element elementor-element-154a08f e-con-full e-flex e-con e-child\" data-id=\"154a08f\" data-element_type=\"container\" data-e-type=\"container\" data-settings=\"{&quot;background_background&quot;:&quot;classic&quot;}\">\n\t\t<div class=\"elementor-element elementor-element-cc47e36 e-con-full e-flex e-con e-child\" data-id=\"cc47e36\" data-element_type=\"container\" data-e-type=\"container\">\n\t\t\t\t<div class=\"elementor-element elementor-element-1917e4b elementor-widget elementor-widget-heading\" data-id=\"1917e4b\" data-element_type=\"widget\" data-e-type=\"widget\" data-widget_type=\"heading.default\">\n\t\t\t\t<div class=\"elementor-widget-container\">\n\t\t\t\t\t<h2 class=\"elementor-heading-title elementor-size-default\">\u00d6sszetev\u0151k<\/h2>\t\t\t\t<\/div>\n\t\t\t\t<\/div>\n\t\t<div class=\"elementor-element elementor-element-dbecd55 e-con-full e-flex e-con e-child\" data-id=\"dbecd55\" data-element_type=\"container\" data-e-type=\"container\">\n\t\t\t\t<div class=\"elementor-element elementor-element-141a5ad elementor-widget elementor-widget-text-editor\" data-id=\"141a5ad\" data-element_type=\"widget\" data-e-type=\"widget\" data-widget_type=\"text-editor.default\">\n\t\t\t\t<div class=\"elementor-widget-container\">\n\t\t\t\t\t\t\t\t\t<p><span class=\"a_GcMg font-feature-liga-off font-feature-clig-off font-feature-calt-off text-decoration-none text-strikethrough-none\">Galagonya (\u226551%), cukor, \u00e1fonya (\u22655%), v\u00f6r\u00f6s \u00e1fonya (\u22653%), eperfagy\u00fcm\u00f6lcs (\u22653%), v\u00edz. <\/span><\/p>\t\t\t\t\t\t\t\t<\/div>\n\t\t\t\t<\/div>\n\t\t\t\t<\/div>\n\t\t<div class=\"elementor-element elementor-element-a97c0cd e-con-full e-flex e-con e-child\" data-id=\"a97c0cd\" data-element_type=\"container\" data-e-type=\"container\">\n\t\t\t\t<div class=\"elementor-element elementor-element-df6924e elementor-widget elementor-widget-text-editor\" data-id=\"df6924e\" data-element_type=\"widget\" data-e-type=\"widget\" data-widget_type=\"text-editor.default\">\n\t\t\t\t<div class=\"elementor-widget-container\">\n\t\t\t\t\t\t\t\t\t<p><span class=\"a_GcMg font-feature-liga-off font-feature-clig-off font-feature-calt-off text-decoration-none text-strikethrough-none\">Felhaszn\u00e1l\u00e1si javaslat: Fogyaszt\u00e1sra k\u00e9sz a csomag felbont\u00e1sa ut\u00e1n. T\u00e1rol\u00e1s: H\u0171v\u00f6s, sz\u00e1raz, j\u00f3l szell\u0151z\u0151 helyen t\u00e1roland\u00f3. Gy\u00e1rt\u00e1si id\u0151: A csomagol\u00e1son felt\u00fcntetve. Figyelmeztet\u00e9s: Ne nyelje le egyben. Id\u0151sek \u00e9s gyermekek feln\u0151tt fel\u00fcgyelete mellett fogyassz\u00e1k. Felbont\u00e1s ut\u00e1n a lehet\u0151 leghamarabb fogyasztand\u00f3. A term\u00e9kk\u00e9pek illusztr\u00e1ci\u00f3k; a t\u00e9nyleges term\u00e9k a m\u00e9rvad\u00f3.<\/span><\/p>\t\t\t\t\t\t\t\t<\/div>\n\t\t\t\t<\/div>\n\t\t\t\t<\/div>\n\t\t\t\t<\/div>\n\t\t<div class=\"elementor-element elementor-element-ddf6d82 e-con-full e-flex e-con e-child\" data-id=\"ddf6d82\" data-element_type=\"container\" data-e-type=\"container\">\n\t\t\t\t<div class=\"elementor-element elementor-element-d1b79a5 elementor-widget elementor-widget-heading\" data-id=\"d1b79a5\" data-element_type=\"widget\" data-e-type=\"widget\" data-widget_type=\"heading.default\">\n\t\t\t\t<div class=\"elementor-widget-container\">\n\t\t\t\t\t<h2 class=\"elementor-heading-title elementor-size-default\">T\u00e1p\u00e9rt\u00e9k:<\/h2>\t\t\t\t<\/div>\n\t\t\t\t<\/div>\n\t\t\t\t<div class=\"elementor-element elementor-element-c2eb7a1 elementor-widget elementor-widget-text-editor\" data-id=\"c2eb7a1\" data-element_type=\"widget\" data-e-type=\"widget\" data-widget_type=\"text-editor.default\">\n\t\t\t\t<div class=\"elementor-widget-container\">\n\t\t\t\t\t\t\t\t\t<p>100g<\/p>\t\t\t\t\t\t\t\t<\/div>\n\t\t\t\t<\/div>\n\t\t\t\t<div class=\"elementor-element elementor-element-5529af4 elementor-widget__width-initial elementor-widget elementor-widget-text-editor\" data-id=\"5529af4\" data-element_type=\"widget\" data-e-type=\"widget\" data-widget_type=\"text-editor.default\">\n\t\t\t\t<div class=\"elementor-widget-container\">\n\t\t\t\t\t\t\t\t\t<table>\n<thead>\n<tr>\n<th>T\u00e1panyag\u00e9rt\u00e9kek<\/th>\n<th>100g<\/th>\n<\/tr>\n<\/thead>\n<tbody>\n<tr>\n<td>Energia<\/td>\n<td>1377 kJ \/ 329 kcal<\/td>\n<\/tr>\n<tr>\n<td>Zs\u00edr<\/td>\n<td>&lt;0.1 g<\/td>\n<\/tr>\n<tr>\n<td>\u2013 ebb\u0151l tel\u00edtett<\/td>\n<td>&lt;0.1 g<\/td>\n<\/tr>\n<tr>\n<td>Sz\u00e9nhidr\u00e1t<\/td>\n<td>81.8 g<\/td>\n<\/tr>\n<tr>\n<td>\u2013 ebb\u0151l cukor<\/td>\n<td>70.1 g<\/td>\n<\/tr>\n<tr>\n<td>Rost<\/td>\n<td>5.1 g<\/td>\n<\/tr>\n<tr>\n<td>Feh\u00e9rje<\/td>\n<td>0.42 g<\/td>\n<\/tr>\n<tr>\n<td>S\u00f3<\/td>\n<td>&lt;0.01 g<\/td>\n<\/tr>\n<\/tbody>\n<\/table>\t\t\t\t\t\t\t\t<\/div>\n\t\t\t\t<\/div>\n\t\t\t\t<\/div>\n\t\t\t\t<\/div>\n\t\t\t\t<\/div>\n\t\t\t\t\t<\/div>\n\t\t\t\t<\/div>\n\t\t\t\t<\/div>","protected":false},"excerpt":{"rendered":"<p>Hawthorn Bars with Berries Crafted from real hawthorn fruit and enhanced with a colourful mix of berries for a naturally satisfying and refreshingly fruity snack. Net weight: 130g Product DescriptionA vibrant blend of hawthorn and carefully selected berries \u2014 blueberry, cranberry and mulberry \u2014 brought together in a layered fruit snack with real character. These [&hellip;]<\/p>\n","protected":false},"author":1,"featured_media":0,"parent":0,"menu_order":0,"comment_status":"closed","ping_status":"closed","template":"elementor_header_footer","meta":{"site-sidebar-layout":"no-sidebar","site-content-layout":"page-builder","ast-site-content-layout":"full-width-container","site-content-style":"default","site-sidebar-style":"default","ast-global-header-display":"","ast-banner-title-visibility":"","ast-main-header-display":"","ast-hfb-above-header-display":"","ast-hfb-below-header-display":"","ast-hfb-mobile-header-display":"","site-post-title":"","ast-breadcrumbs-content":"","ast-featured-img":"disabled","footer-sml-layout":"","ast-disable-related-posts":"","theme-transparent-header-meta":"","adv-header-id-meta":"","stick-header-meta":"","header-above-stick-meta":"","header-main-stick-meta":"","header-below-stick-meta":"","astra-migrate-meta-layouts":"set","ast-page-background-enabled":"default","ast-page-background-meta":{"desktop":{"background-color":"","background-image":"","background-repeat":"repeat","background-position":"center center","background-size":"auto","background-attachment":"scroll","background-type":"","background-media":"","overlay-type":"","overlay-color":"","overlay-opacity":"","overlay-gradient":""},"tablet":{"background-color":"","background-image":"","background-repeat":"repeat","background-position":"center center","background-size":"auto","background-attachment":"scroll","background-type":"","background-media":"","overlay-type":"","overlay-color":"","overlay-opacity":"","overlay-gradient":""},"mobile":{"background-color":"","background-image":"","background-repeat":"repeat","background-position":"center center","background-size":"auto","background-attachment":"scroll","background-type":"","background-media":"","overlay-type":"","overlay-color":"","overlay-opacity":"","overlay-gradient":""}},"ast-content-background-meta":{"desktop":{"background-color":"var(--ast-global-color-5)","background-image":"","background-repeat":"repeat","background-position":"center center","background-size":"auto","background-attachment":"scroll","background-type":"","background-media":"","overlay-type":"","overlay-color":"","overlay-opacity":"","overlay-gradient":""},"tablet":{"background-color":"var(--ast-global-color-5)","background-image":"","background-repeat":"repeat","background-position":"center center","background-size":"auto","background-attachment":"scroll","background-type":"","background-media":"","overlay-type":"","overlay-color":"","overlay-opacity":"","overlay-gradient":""},"mobile":{"background-color":"var(--ast-global-color-5)","background-image":"","background-repeat":"repeat","background-position":"center center","background-size":"auto","background-attachment":"scroll","background-type":"","background-media":"","overlay-type":"","overlay-color":"","overlay-opacity":"","overlay-gradient":""}},"footnotes":""},"class_list":["post-8591","page","type-page","status-publish","hentry"],"_links":{"self":[{"href":"https:\/\/milzzsnack.com\/hu\/wp-json\/wp\/v2\/pages\/8591","targetHints":{"allow":["GET"]}}],"collection":[{"href":"https:\/\/milzzsnack.com\/hu\/wp-json\/wp\/v2\/pages"}],"about":[{"href":"https:\/\/milzzsnack.com\/hu\/wp-json\/wp\/v2\/types\/page"}],"author":[{"embeddable":true,"href":"https:\/\/milzzsnack.com\/hu\/wp-json\/wp\/v2\/users\/1"}],"replies":[{"embeddable":true,"href":"https:\/\/milzzsnack.com\/hu\/wp-json\/wp\/v2\/comments?post=8591"}],"version-history":[{"count":37,"href":"https:\/\/milzzsnack.com\/hu\/wp-json\/wp\/v2\/pages\/8591\/revisions"}],"predecessor-version":[{"id":8932,"href":"https:\/\/milzzsnack.com\/hu\/wp-json\/wp\/v2\/pages\/8591\/revisions\/8932"}],"wp:attachment":[{"href":"https:\/\/milzzsnack.com\/hu\/wp-json\/wp\/v2\/media?parent=8591"}],"curies":[{"name":"wp","href":"https:\/\/api.w.org\/{rel}","templated":true}]}}