{"id":96,"date":"2026-02-19T12:53:13","date_gmt":"2026-02-19T12:53:13","guid":{"rendered":"https:\/\/milzzsnack.com\/about\/"},"modified":"2026-02-24T15:56:05","modified_gmt":"2026-02-24T15:56:05","slug":"about","status":"publish","type":"page","link":"https:\/\/milzzsnack.com\/hu\/about\/","title":{"rendered":"R\u00f3lunk"},"content":{"rendered":"<div data-elementor-type=\"wp-post\" data-elementor-id=\"96\" class=\"elementor elementor-96\">\n\t\t\t\t<div class=\"elementor-element elementor-element-dfdc5a6 e-flex e-con-boxed e-con e-parent\" data-id=\"dfdc5a6\" data-element_type=\"container\" data-e-type=\"container\" data-settings=\"{&quot;background_background&quot;:&quot;classic&quot;}\">\n\t\t\t\t\t<div class=\"e-con-inner\">\n\t\t<div class=\"elementor-element elementor-element-1eaf493 e-con-full e-flex e-con e-child\" data-id=\"1eaf493\" data-element_type=\"container\" data-e-type=\"container\">\n\t\t\t\t<div class=\"elementor-element elementor-element-2ea6a7d elementor-widget elementor-widget-heading\" data-id=\"2ea6a7d\" data-element_type=\"widget\" data-e-type=\"widget\" data-widget_type=\"heading.default\">\n\t\t\t\t<div class=\"elementor-widget-container\">\n\t\t\t\t\t<h1 class=\"elementor-heading-title elementor-size-default\">R\u00f3lunk<\/h1>\t\t\t\t<\/div>\n\t\t\t\t<\/div>\n\t\t\t\t<\/div>\n\t\t\t\t\t<\/div>\n\t\t\t\t<\/div>\n\t\t<div class=\"elementor-element elementor-element-6578245 e-flex e-con-boxed e-con e-parent\" data-id=\"6578245\" data-element_type=\"container\" data-e-type=\"container\" data-settings=\"{&quot;background_background&quot;:&quot;classic&quot;}\">\n\t\t\t\t\t<div class=\"e-con-inner\">\n\t\t<div class=\"elementor-element elementor-element-625da73 e-con-full e-flex e-con e-child\" data-id=\"625da73\" data-element_type=\"container\" data-e-type=\"container\">\n\t\t\t\t<div class=\"elementor-element elementor-element-d62b39a elementor-widget elementor-widget-image\" data-id=\"d62b39a\" data-element_type=\"widget\" data-e-type=\"widget\" data-widget_type=\"image.default\">\n\t\t\t\t<div class=\"elementor-widget-container\">\n\t\t\t\t\t\t\t\t\t\t\t\t\t\t\t<img decoding=\"async\" width=\"209\" height=\"90\" src=\"https:\/\/milzzsnack.com\/wp-content\/uploads\/2021\/03\/basil-leaf.png\" class=\"attachment-full size-full wp-image-4204\" alt=\"basil leaf\" title=\"R\u00f3lunk\">\t\t\t\t\t\t\t\t\t\t\t\t\t\t\t<\/div>\n\t\t\t\t<\/div>\n\t\t\t\t<\/div>\n\t\t\t\t\t<\/div>\n\t\t\t\t<\/div>\n\t\t<div class=\"elementor-element elementor-element-748980c e-flex e-con-boxed e-con e-parent\" data-id=\"748980c\" data-element_type=\"container\" data-e-type=\"container\" data-settings=\"{&quot;background_background&quot;:&quot;classic&quot;}\">\n\t\t\t\t\t<div class=\"e-con-inner\">\n\t\t<div class=\"elementor-element elementor-element-9945606 e-con-full e-flex e-con e-child\" data-id=\"9945606\" data-element_type=\"container\" data-e-type=\"container\">\n\t\t\t\t<div class=\"elementor-element elementor-element-15bb6db elementor-widget elementor-widget-hfe-infocard\" data-id=\"15bb6db\" data-element_type=\"widget\" data-e-type=\"widget\" data-widget_type=\"hfe-infocard.default\">\n\t\t\t\t<div class=\"elementor-widget-container\">\n\t\t\t\t\t\n\t\t<div class=\"hfe-infocard\">\n\t\t\t\t\t\t\t\t\t<div class=\"hfe-infocard-text-wrap\">\n\t\t\t\t<div class=\"hfe-infocard-text elementor-inline-editing\" data-elementor-setting-key=\"infocard_description\" data-elementor-inline-editing-toolbar=\"advanced\">\n\t\t\t\t\t<p data-start=\"1020\" data-end=\"1194\">Egy p\u00e1r vagyunk, akiket a val\u00f3di, \u00e1tgondoltan k\u00e9sz\u00edtett \u00e9lelmiszerek ir\u00e1nti tisztelet k\u00f6t \u00f6ssze. A milzz a t\u00e1pl\u00e1lkoz\u00e1studom\u00e1nyi kutat\u00e1si h\u00e1tt\u00e9r \u00e9s a nemzetk\u00f6zi alapanyag-beszerz\u00e9si tapasztalat tal\u00e1lkoz\u00e1s\u00e1b\u00f3l sz\u00fcletett.<\/p>\n<p data-start=\"1196\" data-end=\"1527\">A milzz egy egyszer\u0171 felismer\u00e9sb\u0151l indult. Olyan nassolnival\u00f3t kerest\u00fcnk, amely \u0151szinte \u00f6sszetev\u0151kb\u0151l k\u00e9sz\u00fcl, kiegyens\u00falyozott \u00edzvil\u00e1g\u00fa \u00e9s tudatosan megalkotott \u2014 nem t\u00faltervezett, nem t\u00fal\u00edzes\u00edtett. \u00dajra \u00e9s \u00fajra t\u00falzott \u00e9dess\u00e9ggel, hossz\u00fa \u00f6sszetev\u0151list\u00e1kkal \u00e9s a gy\u00fcm\u00f6lcs\u00f6t h\u00e1tt\u00e9rbe szor\u00edt\u00f3 marketing\u00edg\u00e9retekkel tal\u00e1lkoztunk.<\/p>\n<p data-start=\"1529\" data-end=\"1575\">Ez\u00e9rt megalkottuk azt, amit mi magunk nem tal\u00e1ltunk meg a piacon.<\/p>\n<p data-start=\"1577\" data-end=\"1868\">K\u00f6z\u00f6s tapasztalataink adj\u00e1k a milzz alapj\u00e1t. A t\u00e1pl\u00e1lkoz\u00e1studom\u00e1nyi kutat\u00e1si h\u00e1tt\u00e9r meghat\u00e1rozza, hogyan gondolkodunk az \u00f6sszet\u00e9telr\u0151l \u00e9s az egyens\u00falyr\u00f3l. Az \u00e9vek sor\u00e1n szerzett nemzetk\u00f6zi alapanyag-beszerz\u00e9si \u00e9s gy\u00e1rt\u00e1si egy\u00fcttm\u0171k\u00f6d\u00e9si tapasztalat pedig biztos\u00edtja, hogy a min\u0151s\u00e9g, a nyomon k\u00f6vethet\u0151s\u00e9g \u00e9s az \u00e1lland\u00f3s\u00e1g soha ne s\u00e9r\u00fclj\u00f6n.<\/p>\n<p data-start=\"1870\" data-end=\"2082\">\u00c1zsia hagyom\u00e1nyos gy\u00fcm\u00f6lcskult\u00far\u00e1ja inspir\u00e1lt benn\u00fcnket \u2014 k\u00fcl\u00f6n\u00f6sen olyan alapanyagok, mint a galagonya \u00e9s a piros datolya. C\u00e9lunk, hogy ezeket a gy\u00fcm\u00f6lcs\u00f6ket modern, k\u00f6nnyen el\u00e9rhet\u0151 form\u00e1ban mutassuk be, an\u00e9lk\u00fcl hogy elvesz\u00edten\u00e9k karakter\u00fcket.<\/p><p data-start=\"2084\" data-end=\"2106\" style=\"font-size: 16px;font-style: normal;font-weight: 400\">Mi a m\u00e9rt\u00e9kletess\u00e9gben hisz\u00fcnk.<\/p><p data-start=\"2108\" data-end=\"2171\" style=\"font-size: 16px;font-style: normal;font-weight: 400\">Val\u00f3di gy\u00fcm\u00f6lcs.<br data-start=\"2119\" data-end=\"2122\">\u00c1tl\u00e1that\u00f3 \u00f6sszetev\u0151lista.<br data-start=\"2145\" data-end=\"2148\">\u00c1tgondolt elk\u00e9sz\u00edt\u00e9s.<\/p><p data-start=\"2173\" data-end=\"2327\" style=\"font-size: 16px;font-style: normal;font-weight: 400\">Tapasztalt gy\u00fcm\u00f6lcs-snack szak\u00e9rt\u0151kkel m\u0171k\u00f6d\u00fcnk egy\u00fctt annak \u00e9rdek\u00e9ben, hogy a szigor\u00fa min\u0151s\u00e9gi elv\u00e1r\u00e1sok teljes\u00fcljenek, mik\u00f6zben tiszteletben tartjuk a hagyom\u00e1nyos elk\u00e9sz\u00edt\u00e9si m\u00f3dszereket is.<\/p><p data-start=\"2329\" data-end=\"2440\" style=\"font-size: 16px;font-style: normal;font-weight: 400\">A milzz nem trendekre \u00e9s t\u00falz\u00f3 \u00e1ll\u00edt\u00e1sokra \u00e9p\u00fcl.<br data-start=\"2380\" data-end=\"2383\">Hanem az alapanyagok integrit\u00e1s\u00e1ra \u00e9s az \u00edzek m\u00e9lys\u00e9g\u00e9re.<\/p><p data-start=\"2442\" data-end=\"2547\" style=\"font-size: 16px;font-style: normal;font-weight: 400\">Sz\u00e1munkra egy j\u00f3 snack egy csendes pillanat a napban \u2014 egy meg\u00e1ll\u00e1s, ahol a text\u00fara, az egyens\u00faly \u00e9s a term\u00e9szetess\u00e9g ker\u00fcl el\u0151t\u00e9rbe.<\/p><p data-start=\"1020\" data-end=\"1194\" style=\"font-size: 16px;font-style: normal;font-weight: 400\"><\/p><p data-start=\"2549\" data-end=\"2620\" style=\"font-size: 16px;font-style: normal;font-weight: 400\">Minden csomag ugyanazt a m\u00e9rc\u00e9t k\u00e9pviseli, amelyet a saj\u00e1t asztalunkn\u00e1l is elv\u00e1rn\u00e1nk.<\/p>\t\t\t\t<\/div>\n\t\t\t\t\t\t\t<\/div>\n\t\t<\/div>\n\n\t\t\t\t\t\t<\/div>\n\t\t\t\t<\/div>\n\t\t\t\t<div class=\"elementor-element elementor-element-5a6d4b3 elementor-widget elementor-widget-image\" data-id=\"5a6d4b3\" data-element_type=\"widget\" data-e-type=\"widget\" data-widget_type=\"image.default\">\n\t\t\t\t<div class=\"elementor-widget-container\">\n\t\t\t\t\t\t\t\t\t\t\t\t\t\t\t<img decoding=\"async\" width=\"300\" height=\"95\" src=\"https:\/\/milzzsnack.com\/wp-content\/uploads\/2026\/02\/cropped-Untitled-design-1-300x95-1.png\" class=\"attachment-large size-large wp-image-8430\" alt=\"cropped untitled design 1 300x95 1\" title=\"R\u00f3lunk\">\t\t\t\t\t\t\t\t\t\t\t\t\t\t\t<\/div>\n\t\t\t\t<\/div>\n\t\t\t\t<\/div>\n\t\t\t\t\t<\/div>\n\t\t\t\t<\/div>\n\t\t<div class=\"elementor-element elementor-element-908f10a e-flex e-con-boxed e-con e-parent\" data-id=\"908f10a\" data-element_type=\"container\" data-e-type=\"container\" data-settings=\"{&quot;background_background&quot;:&quot;gradient&quot;}\">\n\t\t\t\t\t<div class=\"e-con-inner\">\n\t\t<div class=\"elementor-element elementor-element-ad51ed6 e-con-full e-flex e-con e-child\" data-id=\"ad51ed6\" data-element_type=\"container\" data-e-type=\"container\" data-settings=\"{&quot;background_background&quot;:&quot;classic&quot;}\">\n\t\t\t\t<div class=\"elementor-element elementor-element-e64521b elementor-widget elementor-widget-image-carousel\" data-id=\"e64521b\" data-element_type=\"widget\" data-e-type=\"widget\" data-settings=\"{&quot;slides_to_show&quot;:&quot;1&quot;,&quot;navigation&quot;:&quot;none&quot;,&quot;autoplay_speed&quot;:&quot;3000&quot;,&quot;autoplay&quot;:&quot;yes&quot;,&quot;pause_on_hover&quot;:&quot;yes&quot;,&quot;pause_on_interaction&quot;:&quot;yes&quot;,&quot;infinite&quot;:&quot;yes&quot;,&quot;effect&quot;:&quot;slide&quot;,&quot;speed&quot;:500}\" data-widget_type=\"image-carousel.default\">\n\t\t\t\t<div class=\"elementor-widget-container\">\n\t\t\t\t\t\t\t<div class=\"elementor-image-carousel-wrapper swiper\" role=\"region\" aria-roledescription=\"carousel\" aria-label=\"Image Carousel\" dir=\"ltr\">\n\t\t\t<div class=\"elementor-image-carousel swiper-wrapper\" aria-live=\"off\">\n\t\t\t\t\t\t\t\t<div class=\"swiper-slide\" role=\"group\" aria-roledescription=\"slide\" aria-label=\"1 of 4\"><figure class=\"swiper-slide-inner\"><img decoding=\"async\" class=\"swiper-slide-image\" src=\"https:\/\/milzzsnack.com\/wp-content\/uploads\/elementor\/thumbs\/IMG_6761-rjms1dk5xkvz3dbizdax1x7fw6t4tlrp4p18v0cj60.jpg\" alt=\"img 6761\" title=\"R\u00f3lunk\"><\/figure><\/div><div class=\"swiper-slide\" role=\"group\" aria-roledescription=\"slide\" aria-label=\"2 of 4\"><figure class=\"swiper-slide-inner\"><img decoding=\"async\" class=\"swiper-slide-image\" src=\"https:\/\/milzzsnack.com\/wp-content\/uploads\/elementor\/thumbs\/IMG_6796-rjkxh3o6ygkh6q1jjkecim3pllqps0q3o8j4sdbtoo.jpg\" alt=\"img 6796\" title=\"R\u00f3lunk\"><\/figure><\/div><div class=\"swiper-slide\" role=\"group\" aria-roledescription=\"slide\" aria-label=\"3 of 4\"><figure class=\"swiper-slide-inner\"><img decoding=\"async\" class=\"swiper-slide-image\" src=\"https:\/\/milzzsnack.com\/wp-content\/uploads\/elementor\/thumbs\/IMG_6776-rjkxhpahbne2lr651bqrlynb9gs5p23xf7jatqfrpk.jpg\" alt=\"img 6776\" title=\"R\u00f3lunk\"><\/figure><\/div><div class=\"swiper-slide\" role=\"group\" aria-roledescription=\"slide\" aria-label=\"4 of 4\"><figure class=\"swiper-slide-inner\"><img decoding=\"async\" class=\"swiper-slide-image\" src=\"https:\/\/milzzsnack.com\/wp-content\/uploads\/elementor\/thumbs\/IMG_6834-rjkxg5u04fa5krep15rs0un47qdi2wzrjl1niepzwo.jpg\" alt=\"img 6834\" title=\"R\u00f3lunk\"><\/figure><\/div>\t\t\t<\/div>\n\t\t\t\t\t\t\t\n\t\t\t\t\t\t\t\t\t<\/div>\n\t\t\t\t\t\t<\/div>\n\t\t\t\t<\/div>\n\t\t\t\t<\/div>\n\t\t<div class=\"elementor-element elementor-element-b18acd9 e-con-full e-flex e-con e-child\" data-id=\"b18acd9\" data-element_type=\"container\" data-e-type=\"container\">\n\t\t\t\t<div class=\"elementor-element elementor-element-237c245 elementor-vertical-align-top elementor-widget elementor-widget-image-box\" data-id=\"237c245\" data-element_type=\"widget\" data-e-type=\"widget\" data-widget_type=\"image-box.default\">\n\t\t\t\t<div class=\"elementor-widget-container\">\n\t\t\t\t\t<div class=\"elementor-image-box-wrapper\"><div class=\"elementor-image-box-content\"><h3 class=\"elementor-image-box-title\">Min\u0151s\u00e9g \u00e9s megb\u00edzhat\u00f3s\u00e1g<\/h3><p class=\"elementor-image-box-description\">A gy\u00e1rt\u00e1s nemzetk\u00f6zileg elismert \u00e9lelmiszerbiztons\u00e1gi \u00e9s min\u0151s\u00e9gir\u00e1ny\u00edt\u00e1si rendszerek szerint m\u0171k\u00f6dik, bele\u00e9rtve <b>BRC<\/b>, <b>IFS<\/b>, <b>HACCP <\/b>\u00e9s <b>ISO9001<\/b> rendszerekkel. Ezek a rendszerek biztos\u00edtj\u00e1k a szigor\u00fa min\u0151s\u00e9gellen\u0151rz\u00e9st, a teljes nyomon k\u00f6vethet\u0151s\u00e9get \u00e9s a k\u00f6vetkezetes min\u0151s\u00e9get a gy\u00e1rt\u00e1s minden szakasz\u00e1ban.<\/p><\/div><\/div>\t\t\t\t<\/div>\n\t\t\t\t<\/div>\n\t\t\t\t<\/div>\n\t\t\t\t\t<\/div>\n\t\t\t\t<\/div>\n\t\t\t\t<\/div>","protected":false},"excerpt":{"rendered":"<p>About Us We are a couple united by a shared respect for real, thoughtfully prepared food \u2014 bringing together backgrounds in nutritional research and international ingredient sourcing. Milzz began with a simple frustration. We were looking for snacks made with honest ingredients, balanced flavour and careful formulation \u2014 products that felt considered rather than over-engineered. [&hellip;]<\/p>\n","protected":false},"author":1,"featured_media":0,"parent":0,"menu_order":0,"comment_status":"closed","ping_status":"closed","template":"","meta":{"site-sidebar-layout":"no-sidebar","site-content-layout":"page-builder","ast-site-content-layout":"default","site-content-style":"default","site-sidebar-style":"default","ast-global-header-display":"","ast-banner-title-visibility":"","ast-main-header-display":"","ast-hfb-above-header-display":"","ast-hfb-below-header-display":"","ast-hfb-mobile-header-display":"","site-post-title":"disabled","ast-breadcrumbs-content":"","ast-featured-img":"disabled","footer-sml-layout":"","ast-disable-related-posts":"","theme-transparent-header-meta":"enabled","adv-header-id-meta":"","stick-header-meta":"","header-above-stick-meta":"","header-main-stick-meta":"","header-below-stick-meta":"","astra-migrate-meta-layouts":"default","ast-page-background-enabled":"default","ast-page-background-meta":{"desktop":{"background-color":"","background-image":"","background-repeat":"repeat","background-position":"center center","background-size":"auto","background-attachment":"scroll","background-type":"","background-media":"","overlay-type":"","overlay-color":"","overlay-opacity":"","overlay-gradient":""},"tablet":{"background-color":"","background-image":"","background-repeat":"repeat","background-position":"center center","background-size":"auto","background-attachment":"scroll","background-type":"","background-media":"","overlay-type":"","overlay-color":"","overlay-opacity":"","overlay-gradient":""},"mobile":{"background-color":"","background-image":"","background-repeat":"repeat","background-position":"center center","background-size":"auto","background-attachment":"scroll","background-type":"","background-media":"","overlay-type":"","overlay-color":"","overlay-opacity":"","overlay-gradient":""}},"ast-content-background-meta":{"desktop":{"background-color":"var(--ast-global-color-5)","background-image":"","background-repeat":"repeat","background-position":"center center","background-size":"auto","background-attachment":"scroll","background-type":"","background-media":"","overlay-type":"","overlay-color":"","overlay-opacity":"","overlay-gradient":""},"tablet":{"background-color":"var(--ast-global-color-5)","background-image":"","background-repeat":"repeat","background-position":"center center","background-size":"auto","background-attachment":"scroll","background-type":"","background-media":"","overlay-type":"","overlay-color":"","overlay-opacity":"","overlay-gradient":""},"mobile":{"background-color":"var(--ast-global-color-5)","background-image":"","background-repeat":"repeat","background-position":"center center","background-size":"auto","background-attachment":"scroll","background-type":"","background-media":"","overlay-type":"","overlay-color":"","overlay-opacity":"","overlay-gradient":""}},"footnotes":""},"class_list":["post-96","page","type-page","status-publish","hentry"],"_links":{"self":[{"href":"https:\/\/milzzsnack.com\/hu\/wp-json\/wp\/v2\/pages\/96","targetHints":{"allow":["GET"]}}],"collection":[{"href":"https:\/\/milzzsnack.com\/hu\/wp-json\/wp\/v2\/pages"}],"about":[{"href":"https:\/\/milzzsnack.com\/hu\/wp-json\/wp\/v2\/types\/page"}],"author":[{"embeddable":true,"href":"https:\/\/milzzsnack.com\/hu\/wp-json\/wp\/v2\/users\/1"}],"replies":[{"embeddable":true,"href":"https:\/\/milzzsnack.com\/hu\/wp-json\/wp\/v2\/comments?post=96"}],"version-history":[{"count":18,"href":"https:\/\/milzzsnack.com\/hu\/wp-json\/wp\/v2\/pages\/96\/revisions"}],"predecessor-version":[{"id":8916,"href":"https:\/\/milzzsnack.com\/hu\/wp-json\/wp\/v2\/pages\/96\/revisions\/8916"}],"wp:attachment":[{"href":"https:\/\/milzzsnack.com\/hu\/wp-json\/wp\/v2\/media?parent=96"}],"curies":[{"name":"wp","href":"https:\/\/api.w.org\/{rel}","templated":true}]}}